{"id":523,"date":"2025-03-27T17:07:06","date_gmt":"2025-03-27T17:07:06","guid":{"rendered":"https:\/\/www.eleate.com\/boutique-en-ligne\/?post_type=product&#038;p=523"},"modified":"2026-04-17T16:21:16","modified_gmt":"2026-04-17T16:21:16","slug":"bouton-poussoir-pour-micro-casque-generique","status":"publish","type":"product","link":"https:\/\/www.eleate.com\/boutique-en-ligne\/product\/bouton-poussoir-pour-micro-casque-generique\/","title":{"rendered":"Bouton poussoir standard"},"content":{"rendered":"<p>Bouton poussoir d\u00e9port\u00e9 pour faciliter la gestion de l\u2019ouverture et la fermeture de l\u2019audio.<\/p>\n","protected":false},"excerpt":{"rendered":"<p>Bouton poussoir d\u00e9port\u00e9 pour faciliter la gestion de l\u2019ouverture et la fermeture de l\u2019audio.<\/p>\n","protected":false},"featured_media":524,"template":"","meta":[],"product_brand":[],"product_cat":[42,28,54,57,16,15],"product_tag":[],"class_list":{"0":"post-523","1":"product","2":"type-product","3":"status-publish","4":"has-post-thumbnail","6":"product_cat-arbitre-amateur-semi-professionnel-vokkero-unity","7":"product_cat-arbitre-professionnel-vokkero-elite","8":"product_cat-micro-casques-vokkero-elite-arbitre-professionnel","9":"product_cat-micro-casques-vokkero-unity-amateur-semi-professionnel","10":"product_cat-micro-casques-vokkero","11":"product_cat-materiel-audio-arbitre-staff","13":"first","14":"instock","15":"taxable","16":"shipping-taxable","17":"purchasable","18":"product-type-simple"},"yoast_head":"<!-- This site is optimized with the Yoast SEO plugin v27.4 - https:\/\/yoast.com\/product\/yoast-seo-wordpress\/ -->\n<title>Bouton poussoir standard - Eleate Boutique<\/title>\n<meta name=\"robots\" content=\"index, follow, max-snippet:-1, max-image-preview:large, max-video-preview:-1\" \/>\n<link rel=\"canonical\" href=\"https:\/\/www.eleate.com\/boutique-en-ligne\/product\/bouton-poussoir-pour-micro-casque-generique\/\" \/>\n<meta property=\"og:locale\" content=\"fr_FR\" \/>\n<meta property=\"og:type\" content=\"article\" \/>\n<meta property=\"og:title\" content=\"Bouton poussoir standard - Eleate Boutique\" \/>\n<meta property=\"og:description\" content=\"Bouton poussoir d\u00e9port\u00e9 pour faciliter la gestion de l\u2019ouverture et la fermeture de l\u2019audio.\" \/>\n<meta property=\"og:url\" content=\"https:\/\/www.eleate.com\/boutique-en-ligne\/product\/bouton-poussoir-pour-micro-casque-generique\/\" \/>\n<meta property=\"og:site_name\" content=\"Eleate Boutique\" \/>\n<meta property=\"article:modified_time\" content=\"2026-04-17T16:21:16+00:00\" \/>\n<meta property=\"og:image\" content=\"https:\/\/www.eleate.com\/boutique-en-ligne\/wp-content\/uploads\/2025\/03\/Bouton-poussoir-PIO550.jpg\" \/>\n\t<meta property=\"og:image:width\" content=\"800\" \/>\n\t<meta property=\"og:image:height\" content=\"533\" \/>\n\t<meta property=\"og:image:type\" content=\"image\/jpeg\" \/>\n<meta name=\"twitter:card\" content=\"summary_large_image\" \/>\n<meta name=\"twitter:label1\" content=\"Dur\u00e9e de lecture estim\u00e9e\" \/>\n\t<meta name=\"twitter:data1\" content=\"1 minute\" \/>\n<script type=\"application\/ld+json\" class=\"yoast-schema-graph\">{\"@context\":\"https:\\\/\\\/schema.org\",\"@graph\":[{\"@type\":\"WebPage\",\"@id\":\"https:\\\/\\\/www.eleate.com\\\/boutique-en-ligne\\\/product\\\/bouton-poussoir-pour-micro-casque-generique\\\/\",\"url\":\"https:\\\/\\\/www.eleate.com\\\/boutique-en-ligne\\\/product\\\/bouton-poussoir-pour-micro-casque-generique\\\/\",\"name\":\"Bouton poussoir standard - Eleate Boutique\",\"isPartOf\":{\"@id\":\"https:\\\/\\\/www.eleate.com\\\/boutique-en-ligne\\\/#website\"},\"primaryImageOfPage\":{\"@id\":\"https:\\\/\\\/www.eleate.com\\\/boutique-en-ligne\\\/product\\\/bouton-poussoir-pour-micro-casque-generique\\\/#primaryimage\"},\"image\":{\"@id\":\"https:\\\/\\\/www.eleate.com\\\/boutique-en-ligne\\\/product\\\/bouton-poussoir-pour-micro-casque-generique\\\/#primaryimage\"},\"thumbnailUrl\":\"https:\\\/\\\/www.eleate.com\\\/boutique-en-ligne\\\/wp-content\\\/uploads\\\/2025\\\/03\\\/Bouton-poussoir-PIO550.jpg\",\"datePublished\":\"2025-03-27T17:07:06+00:00\",\"dateModified\":\"2026-04-17T16:21:16+00:00\",\"breadcrumb\":{\"@id\":\"https:\\\/\\\/www.eleate.com\\\/boutique-en-ligne\\\/product\\\/bouton-poussoir-pour-micro-casque-generique\\\/#breadcrumb\"},\"inLanguage\":\"fr-FR\",\"potentialAction\":[{\"@type\":\"ReadAction\",\"target\":[\"https:\\\/\\\/www.eleate.com\\\/boutique-en-ligne\\\/product\\\/bouton-poussoir-pour-micro-casque-generique\\\/\"]}]},{\"@type\":\"ImageObject\",\"inLanguage\":\"fr-FR\",\"@id\":\"https:\\\/\\\/www.eleate.com\\\/boutique-en-ligne\\\/product\\\/bouton-poussoir-pour-micro-casque-generique\\\/#primaryimage\",\"url\":\"https:\\\/\\\/www.eleate.com\\\/boutique-en-ligne\\\/wp-content\\\/uploads\\\/2025\\\/03\\\/Bouton-poussoir-PIO550.jpg\",\"contentUrl\":\"https:\\\/\\\/www.eleate.com\\\/boutique-en-ligne\\\/wp-content\\\/uploads\\\/2025\\\/03\\\/Bouton-poussoir-PIO550.jpg\",\"width\":800,\"height\":533},{\"@type\":\"BreadcrumbList\",\"@id\":\"https:\\\/\\\/www.eleate.com\\\/boutique-en-ligne\\\/product\\\/bouton-poussoir-pour-micro-casque-generique\\\/#breadcrumb\",\"itemListElement\":[{\"@type\":\"ListItem\",\"position\":1,\"name\":\"Home\",\"item\":\"https:\\\/\\\/www.eleate.com\\\/boutique-en-ligne\\\/\"},{\"@type\":\"ListItem\",\"position\":2,\"name\":\"Boutique Eleate\",\"item\":\"https:\\\/\\\/www.eleate.com\\\/boutique-en-ligne\\\/\"},{\"@type\":\"ListItem\",\"position\":3,\"name\":\"Bouton poussoir standard\"}]},{\"@type\":\"WebSite\",\"@id\":\"https:\\\/\\\/www.eleate.com\\\/boutique-en-ligne\\\/#website\",\"url\":\"https:\\\/\\\/www.eleate.com\\\/boutique-en-ligne\\\/\",\"name\":\"Eleate Boutique\",\"description\":\"Prestations technique et t\u00e9l\u00e9phonique pour tous vos \u00e9v\u00e8nements, et ce sur l&#039;ensemble de la France m\u00e9tropolitaine.\",\"publisher\":{\"@id\":\"https:\\\/\\\/www.eleate.com\\\/boutique-en-ligne\\\/#organization\"},\"potentialAction\":[{\"@type\":\"SearchAction\",\"target\":{\"@type\":\"EntryPoint\",\"urlTemplate\":\"https:\\\/\\\/www.eleate.com\\\/boutique-en-ligne\\\/?s={search_term_string}\"},\"query-input\":{\"@type\":\"PropertyValueSpecification\",\"valueRequired\":true,\"valueName\":\"search_term_string\"}}],\"inLanguage\":\"fr-FR\"},{\"@type\":\"Organization\",\"@id\":\"https:\\\/\\\/www.eleate.com\\\/boutique-en-ligne\\\/#organization\",\"name\":\"Eleate Boutique\",\"url\":\"https:\\\/\\\/www.eleate.com\\\/boutique-en-ligne\\\/\",\"logo\":{\"@type\":\"ImageObject\",\"inLanguage\":\"fr-FR\",\"@id\":\"https:\\\/\\\/www.eleate.com\\\/boutique-en-ligne\\\/#\\\/schema\\\/logo\\\/image\\\/\",\"url\":\"https:\\\/\\\/www.eleate.com\\\/boutique-en-ligne\\\/wp-content\\\/uploads\\\/2020\\\/12\\\/cropped-eleate.png\",\"contentUrl\":\"https:\\\/\\\/www.eleate.com\\\/boutique-en-ligne\\\/wp-content\\\/uploads\\\/2020\\\/12\\\/cropped-eleate.png\",\"width\":186,\"height\":34,\"caption\":\"Eleate Boutique\"},\"image\":{\"@id\":\"https:\\\/\\\/www.eleate.com\\\/boutique-en-ligne\\\/#\\\/schema\\\/logo\\\/image\\\/\"}}]}<\/script>\n<!-- \/ Yoast SEO plugin. -->","yoast_head_json":{"title":"Bouton poussoir standard - Eleate Boutique","robots":{"index":"index","follow":"follow","max-snippet":"max-snippet:-1","max-image-preview":"max-image-preview:large","max-video-preview":"max-video-preview:-1"},"canonical":"https:\/\/www.eleate.com\/boutique-en-ligne\/product\/bouton-poussoir-pour-micro-casque-generique\/","og_locale":"fr_FR","og_type":"article","og_title":"Bouton poussoir standard - Eleate Boutique","og_description":"Bouton poussoir d\u00e9port\u00e9 pour faciliter la gestion de l\u2019ouverture et la fermeture de l\u2019audio.","og_url":"https:\/\/www.eleate.com\/boutique-en-ligne\/product\/bouton-poussoir-pour-micro-casque-generique\/","og_site_name":"Eleate Boutique","article_modified_time":"2026-04-17T16:21:16+00:00","og_image":[{"width":800,"height":533,"url":"https:\/\/www.eleate.com\/boutique-en-ligne\/wp-content\/uploads\/2025\/03\/Bouton-poussoir-PIO550.jpg","type":"image\/jpeg"}],"twitter_card":"summary_large_image","twitter_misc":{"Dur\u00e9e de lecture estim\u00e9e":"1 minute"},"schema":{"@context":"https:\/\/schema.org","@graph":[{"@type":"WebPage","@id":"https:\/\/www.eleate.com\/boutique-en-ligne\/product\/bouton-poussoir-pour-micro-casque-generique\/","url":"https:\/\/www.eleate.com\/boutique-en-ligne\/product\/bouton-poussoir-pour-micro-casque-generique\/","name":"Bouton poussoir standard - Eleate Boutique","isPartOf":{"@id":"https:\/\/www.eleate.com\/boutique-en-ligne\/#website"},"primaryImageOfPage":{"@id":"https:\/\/www.eleate.com\/boutique-en-ligne\/product\/bouton-poussoir-pour-micro-casque-generique\/#primaryimage"},"image":{"@id":"https:\/\/www.eleate.com\/boutique-en-ligne\/product\/bouton-poussoir-pour-micro-casque-generique\/#primaryimage"},"thumbnailUrl":"https:\/\/www.eleate.com\/boutique-en-ligne\/wp-content\/uploads\/2025\/03\/Bouton-poussoir-PIO550.jpg","datePublished":"2025-03-27T17:07:06+00:00","dateModified":"2026-04-17T16:21:16+00:00","breadcrumb":{"@id":"https:\/\/www.eleate.com\/boutique-en-ligne\/product\/bouton-poussoir-pour-micro-casque-generique\/#breadcrumb"},"inLanguage":"fr-FR","potentialAction":[{"@type":"ReadAction","target":["https:\/\/www.eleate.com\/boutique-en-ligne\/product\/bouton-poussoir-pour-micro-casque-generique\/"]}]},{"@type":"ImageObject","inLanguage":"fr-FR","@id":"https:\/\/www.eleate.com\/boutique-en-ligne\/product\/bouton-poussoir-pour-micro-casque-generique\/#primaryimage","url":"https:\/\/www.eleate.com\/boutique-en-ligne\/wp-content\/uploads\/2025\/03\/Bouton-poussoir-PIO550.jpg","contentUrl":"https:\/\/www.eleate.com\/boutique-en-ligne\/wp-content\/uploads\/2025\/03\/Bouton-poussoir-PIO550.jpg","width":800,"height":533},{"@type":"BreadcrumbList","@id":"https:\/\/www.eleate.com\/boutique-en-ligne\/product\/bouton-poussoir-pour-micro-casque-generique\/#breadcrumb","itemListElement":[{"@type":"ListItem","position":1,"name":"Home","item":"https:\/\/www.eleate.com\/boutique-en-ligne\/"},{"@type":"ListItem","position":2,"name":"Boutique Eleate","item":"https:\/\/www.eleate.com\/boutique-en-ligne\/"},{"@type":"ListItem","position":3,"name":"Bouton poussoir standard"}]},{"@type":"WebSite","@id":"https:\/\/www.eleate.com\/boutique-en-ligne\/#website","url":"https:\/\/www.eleate.com\/boutique-en-ligne\/","name":"Eleate Boutique","description":"Prestations technique et t\u00e9l\u00e9phonique pour tous vos \u00e9v\u00e8nements, et ce sur l&#039;ensemble de la France m\u00e9tropolitaine.","publisher":{"@id":"https:\/\/www.eleate.com\/boutique-en-ligne\/#organization"},"potentialAction":[{"@type":"SearchAction","target":{"@type":"EntryPoint","urlTemplate":"https:\/\/www.eleate.com\/boutique-en-ligne\/?s={search_term_string}"},"query-input":{"@type":"PropertyValueSpecification","valueRequired":true,"valueName":"search_term_string"}}],"inLanguage":"fr-FR"},{"@type":"Organization","@id":"https:\/\/www.eleate.com\/boutique-en-ligne\/#organization","name":"Eleate Boutique","url":"https:\/\/www.eleate.com\/boutique-en-ligne\/","logo":{"@type":"ImageObject","inLanguage":"fr-FR","@id":"https:\/\/www.eleate.com\/boutique-en-ligne\/#\/schema\/logo\/image\/","url":"https:\/\/www.eleate.com\/boutique-en-ligne\/wp-content\/uploads\/2020\/12\/cropped-eleate.png","contentUrl":"https:\/\/www.eleate.com\/boutique-en-ligne\/wp-content\/uploads\/2020\/12\/cropped-eleate.png","width":186,"height":34,"caption":"Eleate Boutique"},"image":{"@id":"https:\/\/www.eleate.com\/boutique-en-ligne\/#\/schema\/logo\/image\/"}}]}},"jetpack_sharing_enabled":true,"_links":{"self":[{"href":"https:\/\/www.eleate.com\/boutique-en-ligne\/wp-json\/wp\/v2\/product\/523","targetHints":{"allow":["GET"]}}],"collection":[{"href":"https:\/\/www.eleate.com\/boutique-en-ligne\/wp-json\/wp\/v2\/product"}],"about":[{"href":"https:\/\/www.eleate.com\/boutique-en-ligne\/wp-json\/wp\/v2\/types\/product"}],"wp:featuredmedia":[{"embeddable":true,"href":"https:\/\/www.eleate.com\/boutique-en-ligne\/wp-json\/wp\/v2\/media\/524"}],"wp:attachment":[{"href":"https:\/\/www.eleate.com\/boutique-en-ligne\/wp-json\/wp\/v2\/media?parent=523"}],"wp:term":[{"taxonomy":"product_brand","embeddable":true,"href":"https:\/\/www.eleate.com\/boutique-en-ligne\/wp-json\/wp\/v2\/product_brand?post=523"},{"taxonomy":"product_cat","embeddable":true,"href":"https:\/\/www.eleate.com\/boutique-en-ligne\/wp-json\/wp\/v2\/product_cat?post=523"},{"taxonomy":"product_tag","embeddable":true,"href":"https:\/\/www.eleate.com\/boutique-en-ligne\/wp-json\/wp\/v2\/product_tag?post=523"}],"curies":[{"name":"wp","href":"https:\/\/api.w.org\/{rel}","templated":true}]}}