{"id":460,"date":"2023-11-02T16:56:32","date_gmt":"2023-11-02T16:56:32","guid":{"rendered":"https:\/\/www.eleate.com\/boutique-en-ligne\/?post_type=product&#038;p=460"},"modified":"2026-02-19T17:42:02","modified_gmt":"2026-02-19T17:42:02","slug":"kit-vokkero-unity-4-utilisateurs","status":"publish","type":"product","link":"https:\/\/www.eleate.com\/boutique-en-ligne\/product\/kit-vokkero-unity-4-utilisateurs\/","title":{"rendered":"Kit VOKKERO UNITY 4 utilisateurs"},"content":{"rendered":"<p>Kit VOKKERO UNITY 4 utilisateurs d\u00e9di\u00e9 aux arbitres pour les sports semi-professionnels et amateurs,<\/p>\n<p>Contenu du kit :<\/p>\n<ul>\n<li>4 terminaux VOKKERO UNITY.<\/li>\n<li>4 micro-oreillettes <a href=\"https:\/\/www.eleate.com\/boutique-en-ligne\/product\/micro-casque-lege-pour-unity\/\">KEN 510<\/a>.<\/li>\n<li>1 chargeur 4 slots avec alimentation (<a href=\"https:\/\/www.eleate.com\/boutique-en-ligne\/product\/__trashed-2\/\">VOK-UNITY-CHARGER<\/a>).<\/li>\n<li>1 sac de transport souple.<\/li>\n<li>1 guide d&rsquo;utilisation.<\/li>\n<\/ul>\n<p>&nbsp;<\/p>\n<p>Sp\u00e9cifications techniques :<\/p>\n<ul>\n<li>Audio : 8khz.<\/li>\n<li>Port\u00e9e : Jusqu\u2019\u00e0 1200m.<\/li>\n<li>Autonomie : Jusqu\u2019\u00e0 11 heures (batterie Li-Polym\u00e8re rechargeable).<\/li>\n<li>Canaux de fr\u00e9quences libres de droit (3 canaux).<\/li>\n<li>Poids : 130g (batterie incluse).<\/li>\n<li>Dimensions : 96 x 57 x 23mm.<\/li>\n<li>T\u00b0 de fonctionnement : -20\u00b0C \/ +55\u00b0C (14\/122\u00b0F).<\/li>\n<li>Recharge : 4 heures max. de temps de charge.<\/li>\n<\/ul>\n","protected":false},"excerpt":{"rendered":"<p>Kit VOKKERO UNITY 4 utilisateurs d\u00e9di\u00e9 aux arbitres pour les sports semi-professionnels et amateurs, Contenu du kit : 4 terminaux VOKKERO UNITY. 4 micro-oreillettes KEN 510. 1 chargeur 4 slots avec alimentation (VOK-UNITY-CHARGER). 1 sac de transport souple. 1 guide d&rsquo;utilisation. &nbsp; Sp\u00e9cifications techniques : Audio : 8khz. Port\u00e9e : Jusqu\u2019\u00e0 1200m. Autonomie : Jusqu\u2019\u00e0 [&hellip;]<\/p>\n","protected":false},"featured_media":454,"template":"","meta":[],"product_brand":[],"product_cat":[42,26,55,15],"product_tag":[],"class_list":{"0":"post-460","1":"product","2":"type-product","3":"status-publish","4":"has-post-thumbnail","6":"product_cat-arbitre-amateur-semi-professionnel-vokkero-unity","7":"product_cat-kits-vokkero","8":"product_cat-kits-vokkero-unity-amateur-semi-professionnel","9":"product_cat-materiel-audio-arbitre-staff","11":"first","12":"instock","13":"taxable","14":"shipping-taxable","15":"purchasable","16":"product-type-simple"},"yoast_head":"<!-- This site is optimized with the Yoast SEO plugin v27.4 - https:\/\/yoast.com\/product\/yoast-seo-wordpress\/ -->\n<title>Kit VOKKERO UNITY 4 utilisateurs - Eleate Boutique<\/title>\n<meta name=\"robots\" content=\"index, follow, max-snippet:-1, max-image-preview:large, max-video-preview:-1\" \/>\n<link rel=\"canonical\" href=\"https:\/\/www.eleate.com\/boutique-en-ligne\/product\/kit-vokkero-unity-4-utilisateurs\/\" \/>\n<meta property=\"og:locale\" content=\"fr_FR\" \/>\n<meta property=\"og:type\" content=\"article\" \/>\n<meta property=\"og:title\" content=\"Kit VOKKERO UNITY 4 utilisateurs - Eleate Boutique\" \/>\n<meta property=\"og:description\" content=\"Kit VOKKERO UNITY 4 utilisateurs d\u00e9di\u00e9 aux arbitres pour les sports semi-professionnels et amateurs, Contenu du kit : 4 terminaux VOKKERO UNITY. 4 micro-oreillettes KEN 510. 1 chargeur 4 slots avec alimentation (VOK-UNITY-CHARGER). 1 sac de transport souple. 1 guide d&rsquo;utilisation. &nbsp; Sp\u00e9cifications techniques : Audio : 8khz. Port\u00e9e : Jusqu\u2019\u00e0 1200m. Autonomie : Jusqu\u2019\u00e0 [&hellip;]\" \/>\n<meta property=\"og:url\" content=\"https:\/\/www.eleate.com\/boutique-en-ligne\/product\/kit-vokkero-unity-4-utilisateurs\/\" \/>\n<meta property=\"og:site_name\" content=\"Eleate Boutique\" \/>\n<meta property=\"article:modified_time\" content=\"2026-02-19T17:42:02+00:00\" \/>\n<meta property=\"og:image\" content=\"https:\/\/www.eleate.com\/boutique-en-ligne\/wp-content\/uploads\/2023\/11\/UNITY-KIT-2-web-1.jpg\" \/>\n\t<meta property=\"og:image:width\" content=\"800\" \/>\n\t<meta property=\"og:image:height\" content=\"604\" \/>\n\t<meta property=\"og:image:type\" content=\"image\/jpeg\" \/>\n<meta name=\"twitter:card\" content=\"summary_large_image\" \/>\n<meta name=\"twitter:label1\" content=\"Dur\u00e9e de lecture estim\u00e9e\" \/>\n\t<meta name=\"twitter:data1\" content=\"1 minute\" \/>\n<script type=\"application\/ld+json\" class=\"yoast-schema-graph\">{\"@context\":\"https:\\\/\\\/schema.org\",\"@graph\":[{\"@type\":\"WebPage\",\"@id\":\"https:\\\/\\\/www.eleate.com\\\/boutique-en-ligne\\\/product\\\/kit-vokkero-unity-4-utilisateurs\\\/\",\"url\":\"https:\\\/\\\/www.eleate.com\\\/boutique-en-ligne\\\/product\\\/kit-vokkero-unity-4-utilisateurs\\\/\",\"name\":\"Kit VOKKERO UNITY 4 utilisateurs - Eleate Boutique\",\"isPartOf\":{\"@id\":\"https:\\\/\\\/www.eleate.com\\\/boutique-en-ligne\\\/#website\"},\"primaryImageOfPage\":{\"@id\":\"https:\\\/\\\/www.eleate.com\\\/boutique-en-ligne\\\/product\\\/kit-vokkero-unity-4-utilisateurs\\\/#primaryimage\"},\"image\":{\"@id\":\"https:\\\/\\\/www.eleate.com\\\/boutique-en-ligne\\\/product\\\/kit-vokkero-unity-4-utilisateurs\\\/#primaryimage\"},\"thumbnailUrl\":\"https:\\\/\\\/www.eleate.com\\\/boutique-en-ligne\\\/wp-content\\\/uploads\\\/2023\\\/11\\\/UNITY-KIT-2-web-1.jpg\",\"datePublished\":\"2023-11-02T16:56:32+00:00\",\"dateModified\":\"2026-02-19T17:42:02+00:00\",\"breadcrumb\":{\"@id\":\"https:\\\/\\\/www.eleate.com\\\/boutique-en-ligne\\\/product\\\/kit-vokkero-unity-4-utilisateurs\\\/#breadcrumb\"},\"inLanguage\":\"fr-FR\",\"potentialAction\":[{\"@type\":\"ReadAction\",\"target\":[\"https:\\\/\\\/www.eleate.com\\\/boutique-en-ligne\\\/product\\\/kit-vokkero-unity-4-utilisateurs\\\/\"]}]},{\"@type\":\"ImageObject\",\"inLanguage\":\"fr-FR\",\"@id\":\"https:\\\/\\\/www.eleate.com\\\/boutique-en-ligne\\\/product\\\/kit-vokkero-unity-4-utilisateurs\\\/#primaryimage\",\"url\":\"https:\\\/\\\/www.eleate.com\\\/boutique-en-ligne\\\/wp-content\\\/uploads\\\/2023\\\/11\\\/UNITY-KIT-2-web-1.jpg\",\"contentUrl\":\"https:\\\/\\\/www.eleate.com\\\/boutique-en-ligne\\\/wp-content\\\/uploads\\\/2023\\\/11\\\/UNITY-KIT-2-web-1.jpg\",\"width\":800,\"height\":604,\"caption\":\"Kit UNITY 2 utilisateurs\"},{\"@type\":\"BreadcrumbList\",\"@id\":\"https:\\\/\\\/www.eleate.com\\\/boutique-en-ligne\\\/product\\\/kit-vokkero-unity-4-utilisateurs\\\/#breadcrumb\",\"itemListElement\":[{\"@type\":\"ListItem\",\"position\":1,\"name\":\"Home\",\"item\":\"https:\\\/\\\/www.eleate.com\\\/boutique-en-ligne\\\/\"},{\"@type\":\"ListItem\",\"position\":2,\"name\":\"Boutique Eleate\",\"item\":\"https:\\\/\\\/www.eleate.com\\\/boutique-en-ligne\\\/\"},{\"@type\":\"ListItem\",\"position\":3,\"name\":\"Kit VOKKERO UNITY 4 utilisateurs\"}]},{\"@type\":\"WebSite\",\"@id\":\"https:\\\/\\\/www.eleate.com\\\/boutique-en-ligne\\\/#website\",\"url\":\"https:\\\/\\\/www.eleate.com\\\/boutique-en-ligne\\\/\",\"name\":\"Eleate Boutique\",\"description\":\"Prestations technique et t\u00e9l\u00e9phonique pour tous vos \u00e9v\u00e8nements, et ce sur l&#039;ensemble de la France m\u00e9tropolitaine.\",\"publisher\":{\"@id\":\"https:\\\/\\\/www.eleate.com\\\/boutique-en-ligne\\\/#organization\"},\"potentialAction\":[{\"@type\":\"SearchAction\",\"target\":{\"@type\":\"EntryPoint\",\"urlTemplate\":\"https:\\\/\\\/www.eleate.com\\\/boutique-en-ligne\\\/?s={search_term_string}\"},\"query-input\":{\"@type\":\"PropertyValueSpecification\",\"valueRequired\":true,\"valueName\":\"search_term_string\"}}],\"inLanguage\":\"fr-FR\"},{\"@type\":\"Organization\",\"@id\":\"https:\\\/\\\/www.eleate.com\\\/boutique-en-ligne\\\/#organization\",\"name\":\"Eleate Boutique\",\"url\":\"https:\\\/\\\/www.eleate.com\\\/boutique-en-ligne\\\/\",\"logo\":{\"@type\":\"ImageObject\",\"inLanguage\":\"fr-FR\",\"@id\":\"https:\\\/\\\/www.eleate.com\\\/boutique-en-ligne\\\/#\\\/schema\\\/logo\\\/image\\\/\",\"url\":\"https:\\\/\\\/www.eleate.com\\\/boutique-en-ligne\\\/wp-content\\\/uploads\\\/2020\\\/12\\\/cropped-eleate.png\",\"contentUrl\":\"https:\\\/\\\/www.eleate.com\\\/boutique-en-ligne\\\/wp-content\\\/uploads\\\/2020\\\/12\\\/cropped-eleate.png\",\"width\":186,\"height\":34,\"caption\":\"Eleate Boutique\"},\"image\":{\"@id\":\"https:\\\/\\\/www.eleate.com\\\/boutique-en-ligne\\\/#\\\/schema\\\/logo\\\/image\\\/\"}}]}<\/script>\n<!-- \/ Yoast SEO plugin. -->","yoast_head_json":{"title":"Kit VOKKERO UNITY 4 utilisateurs - Eleate Boutique","robots":{"index":"index","follow":"follow","max-snippet":"max-snippet:-1","max-image-preview":"max-image-preview:large","max-video-preview":"max-video-preview:-1"},"canonical":"https:\/\/www.eleate.com\/boutique-en-ligne\/product\/kit-vokkero-unity-4-utilisateurs\/","og_locale":"fr_FR","og_type":"article","og_title":"Kit VOKKERO UNITY 4 utilisateurs - Eleate Boutique","og_description":"Kit VOKKERO UNITY 4 utilisateurs d\u00e9di\u00e9 aux arbitres pour les sports semi-professionnels et amateurs, Contenu du kit : 4 terminaux VOKKERO UNITY. 4 micro-oreillettes KEN 510. 1 chargeur 4 slots avec alimentation (VOK-UNITY-CHARGER). 1 sac de transport souple. 1 guide d&rsquo;utilisation. &nbsp; Sp\u00e9cifications techniques : Audio : 8khz. Port\u00e9e : Jusqu\u2019\u00e0 1200m. Autonomie : Jusqu\u2019\u00e0 [&hellip;]","og_url":"https:\/\/www.eleate.com\/boutique-en-ligne\/product\/kit-vokkero-unity-4-utilisateurs\/","og_site_name":"Eleate Boutique","article_modified_time":"2026-02-19T17:42:02+00:00","og_image":[{"width":800,"height":604,"url":"https:\/\/www.eleate.com\/boutique-en-ligne\/wp-content\/uploads\/2023\/11\/UNITY-KIT-2-web-1.jpg","type":"image\/jpeg"}],"twitter_card":"summary_large_image","twitter_misc":{"Dur\u00e9e de lecture estim\u00e9e":"1 minute"},"schema":{"@context":"https:\/\/schema.org","@graph":[{"@type":"WebPage","@id":"https:\/\/www.eleate.com\/boutique-en-ligne\/product\/kit-vokkero-unity-4-utilisateurs\/","url":"https:\/\/www.eleate.com\/boutique-en-ligne\/product\/kit-vokkero-unity-4-utilisateurs\/","name":"Kit VOKKERO UNITY 4 utilisateurs - Eleate Boutique","isPartOf":{"@id":"https:\/\/www.eleate.com\/boutique-en-ligne\/#website"},"primaryImageOfPage":{"@id":"https:\/\/www.eleate.com\/boutique-en-ligne\/product\/kit-vokkero-unity-4-utilisateurs\/#primaryimage"},"image":{"@id":"https:\/\/www.eleate.com\/boutique-en-ligne\/product\/kit-vokkero-unity-4-utilisateurs\/#primaryimage"},"thumbnailUrl":"https:\/\/www.eleate.com\/boutique-en-ligne\/wp-content\/uploads\/2023\/11\/UNITY-KIT-2-web-1.jpg","datePublished":"2023-11-02T16:56:32+00:00","dateModified":"2026-02-19T17:42:02+00:00","breadcrumb":{"@id":"https:\/\/www.eleate.com\/boutique-en-ligne\/product\/kit-vokkero-unity-4-utilisateurs\/#breadcrumb"},"inLanguage":"fr-FR","potentialAction":[{"@type":"ReadAction","target":["https:\/\/www.eleate.com\/boutique-en-ligne\/product\/kit-vokkero-unity-4-utilisateurs\/"]}]},{"@type":"ImageObject","inLanguage":"fr-FR","@id":"https:\/\/www.eleate.com\/boutique-en-ligne\/product\/kit-vokkero-unity-4-utilisateurs\/#primaryimage","url":"https:\/\/www.eleate.com\/boutique-en-ligne\/wp-content\/uploads\/2023\/11\/UNITY-KIT-2-web-1.jpg","contentUrl":"https:\/\/www.eleate.com\/boutique-en-ligne\/wp-content\/uploads\/2023\/11\/UNITY-KIT-2-web-1.jpg","width":800,"height":604,"caption":"Kit UNITY 2 utilisateurs"},{"@type":"BreadcrumbList","@id":"https:\/\/www.eleate.com\/boutique-en-ligne\/product\/kit-vokkero-unity-4-utilisateurs\/#breadcrumb","itemListElement":[{"@type":"ListItem","position":1,"name":"Home","item":"https:\/\/www.eleate.com\/boutique-en-ligne\/"},{"@type":"ListItem","position":2,"name":"Boutique Eleate","item":"https:\/\/www.eleate.com\/boutique-en-ligne\/"},{"@type":"ListItem","position":3,"name":"Kit VOKKERO UNITY 4 utilisateurs"}]},{"@type":"WebSite","@id":"https:\/\/www.eleate.com\/boutique-en-ligne\/#website","url":"https:\/\/www.eleate.com\/boutique-en-ligne\/","name":"Eleate Boutique","description":"Prestations technique et t\u00e9l\u00e9phonique pour tous vos \u00e9v\u00e8nements, et ce sur l&#039;ensemble de la France m\u00e9tropolitaine.","publisher":{"@id":"https:\/\/www.eleate.com\/boutique-en-ligne\/#organization"},"potentialAction":[{"@type":"SearchAction","target":{"@type":"EntryPoint","urlTemplate":"https:\/\/www.eleate.com\/boutique-en-ligne\/?s={search_term_string}"},"query-input":{"@type":"PropertyValueSpecification","valueRequired":true,"valueName":"search_term_string"}}],"inLanguage":"fr-FR"},{"@type":"Organization","@id":"https:\/\/www.eleate.com\/boutique-en-ligne\/#organization","name":"Eleate Boutique","url":"https:\/\/www.eleate.com\/boutique-en-ligne\/","logo":{"@type":"ImageObject","inLanguage":"fr-FR","@id":"https:\/\/www.eleate.com\/boutique-en-ligne\/#\/schema\/logo\/image\/","url":"https:\/\/www.eleate.com\/boutique-en-ligne\/wp-content\/uploads\/2020\/12\/cropped-eleate.png","contentUrl":"https:\/\/www.eleate.com\/boutique-en-ligne\/wp-content\/uploads\/2020\/12\/cropped-eleate.png","width":186,"height":34,"caption":"Eleate Boutique"},"image":{"@id":"https:\/\/www.eleate.com\/boutique-en-ligne\/#\/schema\/logo\/image\/"}}]}},"jetpack_sharing_enabled":true,"_links":{"self":[{"href":"https:\/\/www.eleate.com\/boutique-en-ligne\/wp-json\/wp\/v2\/product\/460","targetHints":{"allow":["GET"]}}],"collection":[{"href":"https:\/\/www.eleate.com\/boutique-en-ligne\/wp-json\/wp\/v2\/product"}],"about":[{"href":"https:\/\/www.eleate.com\/boutique-en-ligne\/wp-json\/wp\/v2\/types\/product"}],"wp:featuredmedia":[{"embeddable":true,"href":"https:\/\/www.eleate.com\/boutique-en-ligne\/wp-json\/wp\/v2\/media\/454"}],"wp:attachment":[{"href":"https:\/\/www.eleate.com\/boutique-en-ligne\/wp-json\/wp\/v2\/media?parent=460"}],"wp:term":[{"taxonomy":"product_brand","embeddable":true,"href":"https:\/\/www.eleate.com\/boutique-en-ligne\/wp-json\/wp\/v2\/product_brand?post=460"},{"taxonomy":"product_cat","embeddable":true,"href":"https:\/\/www.eleate.com\/boutique-en-ligne\/wp-json\/wp\/v2\/product_cat?post=460"},{"taxonomy":"product_tag","embeddable":true,"href":"https:\/\/www.eleate.com\/boutique-en-ligne\/wp-json\/wp\/v2\/product_tag?post=460"}],"curies":[{"name":"wp","href":"https:\/\/api.w.org\/{rel}","templated":true}]}}