{"id":213,"date":"2021-03-15T14:52:38","date_gmt":"2021-03-15T14:52:38","guid":{"rendered":"https:\/\/www.eleate.com\/boutique-en-ligne\/?post_type=product&#038;p=213"},"modified":"2026-02-19T17:22:43","modified_gmt":"2026-02-19T17:22:43","slug":"professionnel-ultra-light-lapel-mic-lavalier-with-generic-earshell","status":"publish","type":"product","link":"https:\/\/www.eleate.com\/boutique-en-ligne\/product\/professionnel-ultra-light-lapel-mic-lavalier-with-generic-earshell\/","title":{"rendered":"Micro-cravate de haute qualit\u00e9 avec oreillette intra-articulaire ELITE"},"content":{"rendered":"<p>Professionnel ultra light lapel-mic (lavalier) with generic earshell<\/p>\n","protected":false},"excerpt":{"rendered":"<p><span style=\"color: #e2401c;\"><strong>Cet article n&rsquo;est pas disponible en vente directe sur notre site.<\/strong><\/span> Le prix est indicatif et peut varier suivant votre configuration. Vous pouvez d\u00e8s aujourd&rsquo;hui\u00a0 contacter directement notre \u00e9quipe via l&rsquo;adresse <a href=\"mailto:contact@eleate.com\">contact@eleate.com<\/a>. Notre \u00e9quipe reviendra vers vous dans les plus brefs d\u00e9lais.<\/p>\n","protected":false},"featured_media":0,"template":"","meta":[],"product_brand":[],"product_cat":[28,16,54,15],"product_tag":[],"class_list":{"0":"post-213","1":"product","2":"type-product","3":"status-publish","5":"product_cat-arbitre-professionnel-vokkero-elite","6":"product_cat-micro-casques-vokkero","7":"product_cat-micro-casques-vokkero-elite-arbitre-professionnel","8":"product_cat-materiel-audio-arbitre-staff","10":"first","11":"onbackorder","12":"taxable","13":"shipping-taxable","14":"purchasable","15":"product-type-simple"},"yoast_head":"<!-- This site is optimized with the Yoast SEO plugin v27.4 - https:\/\/yoast.com\/product\/yoast-seo-wordpress\/ -->\n<title>Micro-cravate de haute qualit\u00e9 avec oreillette intra-articulaire ELITE - Eleate Boutique<\/title>\n<meta name=\"robots\" content=\"index, follow, max-snippet:-1, max-image-preview:large, max-video-preview:-1\" \/>\n<link rel=\"canonical\" href=\"https:\/\/www.eleate.com\/boutique-en-ligne\/product\/professionnel-ultra-light-lapel-mic-lavalier-with-generic-earshell\/\" \/>\n<meta property=\"og:locale\" content=\"fr_FR\" \/>\n<meta property=\"og:type\" content=\"article\" \/>\n<meta property=\"og:title\" content=\"Micro-cravate de haute qualit\u00e9 avec oreillette intra-articulaire ELITE - Eleate Boutique\" \/>\n<meta property=\"og:description\" content=\"Cet article n&#039;est pas disponible en vente directe sur notre site. Le prix est indicatif et peut varier suivant votre configuration. Vous pouvez d\u00e8s aujourd&#039;hui\u00a0 contacter directement notre \u00e9quipe via l&#039;adresse contact@eleate.com. Notre \u00e9quipe reviendra vers vous dans les plus brefs d\u00e9lais.\" \/>\n<meta property=\"og:url\" content=\"https:\/\/www.eleate.com\/boutique-en-ligne\/product\/professionnel-ultra-light-lapel-mic-lavalier-with-generic-earshell\/\" \/>\n<meta property=\"og:site_name\" content=\"Eleate Boutique\" \/>\n<meta property=\"article:modified_time\" content=\"2026-02-19T17:22:43+00:00\" \/>\n<meta name=\"twitter:card\" content=\"summary_large_image\" \/>\n<meta name=\"twitter:label1\" content=\"Dur\u00e9e de lecture estim\u00e9e\" \/>\n\t<meta name=\"twitter:data1\" content=\"1 minute\" \/>\n<script type=\"application\/ld+json\" class=\"yoast-schema-graph\">{\"@context\":\"https:\\\/\\\/schema.org\",\"@graph\":[{\"@type\":\"WebPage\",\"@id\":\"https:\\\/\\\/www.eleate.com\\\/boutique-en-ligne\\\/product\\\/professionnel-ultra-light-lapel-mic-lavalier-with-generic-earshell\\\/\",\"url\":\"https:\\\/\\\/www.eleate.com\\\/boutique-en-ligne\\\/product\\\/professionnel-ultra-light-lapel-mic-lavalier-with-generic-earshell\\\/\",\"name\":\"Micro-cravate de haute qualit\u00e9 avec oreillette intra-articulaire ELITE - Eleate Boutique\",\"isPartOf\":{\"@id\":\"https:\\\/\\\/www.eleate.com\\\/boutique-en-ligne\\\/#website\"},\"datePublished\":\"2021-03-15T14:52:38+00:00\",\"dateModified\":\"2026-02-19T17:22:43+00:00\",\"breadcrumb\":{\"@id\":\"https:\\\/\\\/www.eleate.com\\\/boutique-en-ligne\\\/product\\\/professionnel-ultra-light-lapel-mic-lavalier-with-generic-earshell\\\/#breadcrumb\"},\"inLanguage\":\"fr-FR\",\"potentialAction\":[{\"@type\":\"ReadAction\",\"target\":[\"https:\\\/\\\/www.eleate.com\\\/boutique-en-ligne\\\/product\\\/professionnel-ultra-light-lapel-mic-lavalier-with-generic-earshell\\\/\"]}]},{\"@type\":\"BreadcrumbList\",\"@id\":\"https:\\\/\\\/www.eleate.com\\\/boutique-en-ligne\\\/product\\\/professionnel-ultra-light-lapel-mic-lavalier-with-generic-earshell\\\/#breadcrumb\",\"itemListElement\":[{\"@type\":\"ListItem\",\"position\":1,\"name\":\"Home\",\"item\":\"https:\\\/\\\/www.eleate.com\\\/boutique-en-ligne\\\/\"},{\"@type\":\"ListItem\",\"position\":2,\"name\":\"Boutique Eleate\",\"item\":\"https:\\\/\\\/www.eleate.com\\\/boutique-en-ligne\\\/\"},{\"@type\":\"ListItem\",\"position\":3,\"name\":\"Micro-cravate de haute qualit\u00e9 avec oreillette intra-articulaire ELITE\"}]},{\"@type\":\"WebSite\",\"@id\":\"https:\\\/\\\/www.eleate.com\\\/boutique-en-ligne\\\/#website\",\"url\":\"https:\\\/\\\/www.eleate.com\\\/boutique-en-ligne\\\/\",\"name\":\"Eleate Boutique\",\"description\":\"Prestations technique et t\u00e9l\u00e9phonique pour tous vos \u00e9v\u00e8nements, et ce sur l&#039;ensemble de la France m\u00e9tropolitaine.\",\"publisher\":{\"@id\":\"https:\\\/\\\/www.eleate.com\\\/boutique-en-ligne\\\/#organization\"},\"potentialAction\":[{\"@type\":\"SearchAction\",\"target\":{\"@type\":\"EntryPoint\",\"urlTemplate\":\"https:\\\/\\\/www.eleate.com\\\/boutique-en-ligne\\\/?s={search_term_string}\"},\"query-input\":{\"@type\":\"PropertyValueSpecification\",\"valueRequired\":true,\"valueName\":\"search_term_string\"}}],\"inLanguage\":\"fr-FR\"},{\"@type\":\"Organization\",\"@id\":\"https:\\\/\\\/www.eleate.com\\\/boutique-en-ligne\\\/#organization\",\"name\":\"Eleate Boutique\",\"url\":\"https:\\\/\\\/www.eleate.com\\\/boutique-en-ligne\\\/\",\"logo\":{\"@type\":\"ImageObject\",\"inLanguage\":\"fr-FR\",\"@id\":\"https:\\\/\\\/www.eleate.com\\\/boutique-en-ligne\\\/#\\\/schema\\\/logo\\\/image\\\/\",\"url\":\"https:\\\/\\\/www.eleate.com\\\/boutique-en-ligne\\\/wp-content\\\/uploads\\\/2020\\\/12\\\/cropped-eleate.png\",\"contentUrl\":\"https:\\\/\\\/www.eleate.com\\\/boutique-en-ligne\\\/wp-content\\\/uploads\\\/2020\\\/12\\\/cropped-eleate.png\",\"width\":186,\"height\":34,\"caption\":\"Eleate Boutique\"},\"image\":{\"@id\":\"https:\\\/\\\/www.eleate.com\\\/boutique-en-ligne\\\/#\\\/schema\\\/logo\\\/image\\\/\"}}]}<\/script>\n<!-- \/ Yoast SEO plugin. -->","yoast_head_json":{"title":"Micro-cravate de haute qualit\u00e9 avec oreillette intra-articulaire ELITE - Eleate Boutique","robots":{"index":"index","follow":"follow","max-snippet":"max-snippet:-1","max-image-preview":"max-image-preview:large","max-video-preview":"max-video-preview:-1"},"canonical":"https:\/\/www.eleate.com\/boutique-en-ligne\/product\/professionnel-ultra-light-lapel-mic-lavalier-with-generic-earshell\/","og_locale":"fr_FR","og_type":"article","og_title":"Micro-cravate de haute qualit\u00e9 avec oreillette intra-articulaire ELITE - Eleate Boutique","og_description":"Cet article n'est pas disponible en vente directe sur notre site. Le prix est indicatif et peut varier suivant votre configuration. Vous pouvez d\u00e8s aujourd'hui\u00a0 contacter directement notre \u00e9quipe via l'adresse contact@eleate.com. Notre \u00e9quipe reviendra vers vous dans les plus brefs d\u00e9lais.","og_url":"https:\/\/www.eleate.com\/boutique-en-ligne\/product\/professionnel-ultra-light-lapel-mic-lavalier-with-generic-earshell\/","og_site_name":"Eleate Boutique","article_modified_time":"2026-02-19T17:22:43+00:00","twitter_card":"summary_large_image","twitter_misc":{"Dur\u00e9e de lecture estim\u00e9e":"1 minute"},"schema":{"@context":"https:\/\/schema.org","@graph":[{"@type":"WebPage","@id":"https:\/\/www.eleate.com\/boutique-en-ligne\/product\/professionnel-ultra-light-lapel-mic-lavalier-with-generic-earshell\/","url":"https:\/\/www.eleate.com\/boutique-en-ligne\/product\/professionnel-ultra-light-lapel-mic-lavalier-with-generic-earshell\/","name":"Micro-cravate de haute qualit\u00e9 avec oreillette intra-articulaire ELITE - Eleate Boutique","isPartOf":{"@id":"https:\/\/www.eleate.com\/boutique-en-ligne\/#website"},"datePublished":"2021-03-15T14:52:38+00:00","dateModified":"2026-02-19T17:22:43+00:00","breadcrumb":{"@id":"https:\/\/www.eleate.com\/boutique-en-ligne\/product\/professionnel-ultra-light-lapel-mic-lavalier-with-generic-earshell\/#breadcrumb"},"inLanguage":"fr-FR","potentialAction":[{"@type":"ReadAction","target":["https:\/\/www.eleate.com\/boutique-en-ligne\/product\/professionnel-ultra-light-lapel-mic-lavalier-with-generic-earshell\/"]}]},{"@type":"BreadcrumbList","@id":"https:\/\/www.eleate.com\/boutique-en-ligne\/product\/professionnel-ultra-light-lapel-mic-lavalier-with-generic-earshell\/#breadcrumb","itemListElement":[{"@type":"ListItem","position":1,"name":"Home","item":"https:\/\/www.eleate.com\/boutique-en-ligne\/"},{"@type":"ListItem","position":2,"name":"Boutique Eleate","item":"https:\/\/www.eleate.com\/boutique-en-ligne\/"},{"@type":"ListItem","position":3,"name":"Micro-cravate de haute qualit\u00e9 avec oreillette intra-articulaire ELITE"}]},{"@type":"WebSite","@id":"https:\/\/www.eleate.com\/boutique-en-ligne\/#website","url":"https:\/\/www.eleate.com\/boutique-en-ligne\/","name":"Eleate Boutique","description":"Prestations technique et t\u00e9l\u00e9phonique pour tous vos \u00e9v\u00e8nements, et ce sur l&#039;ensemble de la France m\u00e9tropolitaine.","publisher":{"@id":"https:\/\/www.eleate.com\/boutique-en-ligne\/#organization"},"potentialAction":[{"@type":"SearchAction","target":{"@type":"EntryPoint","urlTemplate":"https:\/\/www.eleate.com\/boutique-en-ligne\/?s={search_term_string}"},"query-input":{"@type":"PropertyValueSpecification","valueRequired":true,"valueName":"search_term_string"}}],"inLanguage":"fr-FR"},{"@type":"Organization","@id":"https:\/\/www.eleate.com\/boutique-en-ligne\/#organization","name":"Eleate Boutique","url":"https:\/\/www.eleate.com\/boutique-en-ligne\/","logo":{"@type":"ImageObject","inLanguage":"fr-FR","@id":"https:\/\/www.eleate.com\/boutique-en-ligne\/#\/schema\/logo\/image\/","url":"https:\/\/www.eleate.com\/boutique-en-ligne\/wp-content\/uploads\/2020\/12\/cropped-eleate.png","contentUrl":"https:\/\/www.eleate.com\/boutique-en-ligne\/wp-content\/uploads\/2020\/12\/cropped-eleate.png","width":186,"height":34,"caption":"Eleate Boutique"},"image":{"@id":"https:\/\/www.eleate.com\/boutique-en-ligne\/#\/schema\/logo\/image\/"}}]}},"jetpack_sharing_enabled":true,"_links":{"self":[{"href":"https:\/\/www.eleate.com\/boutique-en-ligne\/wp-json\/wp\/v2\/product\/213","targetHints":{"allow":["GET"]}}],"collection":[{"href":"https:\/\/www.eleate.com\/boutique-en-ligne\/wp-json\/wp\/v2\/product"}],"about":[{"href":"https:\/\/www.eleate.com\/boutique-en-ligne\/wp-json\/wp\/v2\/types\/product"}],"wp:attachment":[{"href":"https:\/\/www.eleate.com\/boutique-en-ligne\/wp-json\/wp\/v2\/media?parent=213"}],"wp:term":[{"taxonomy":"product_brand","embeddable":true,"href":"https:\/\/www.eleate.com\/boutique-en-ligne\/wp-json\/wp\/v2\/product_brand?post=213"},{"taxonomy":"product_cat","embeddable":true,"href":"https:\/\/www.eleate.com\/boutique-en-ligne\/wp-json\/wp\/v2\/product_cat?post=213"},{"taxonomy":"product_tag","embeddable":true,"href":"https:\/\/www.eleate.com\/boutique-en-ligne\/wp-json\/wp\/v2\/product_tag?post=213"}],"curies":[{"name":"wp","href":"https:\/\/api.w.org\/{rel}","templated":true}]}}