{"id":204,"date":"2021-03-15T14:19:24","date_gmt":"2021-03-15T14:19:24","guid":{"rendered":"https:\/\/www.eleate.com\/boutique-en-ligne\/?post_type=product&#038;p=204"},"modified":"2026-02-19T17:24:38","modified_gmt":"2026-02-19T17:24:38","slug":"kit-elite-6-utilisateurs","status":"publish","type":"product","link":"https:\/\/www.eleate.com\/boutique-en-ligne\/product\/kit-elite-6-utilisateurs\/","title":{"rendered":"Kit VOKKERO Elite 2-8 utilisateurs"},"content":{"rendered":"<p>Chaque kit est pr\u00eat \u00e0 l&#8217;emploi pour 2 \u00e0 8 utilisateurs, contenant des terminaux radio, micros oreillettes professionnels, chargeur-configurateur et accessoires (brassard, ceinture). <a href=\"https:\/\/www.youtube.com\/watch?v=WgQLCJMLY1o&amp;list=PLMWTVEAiYWDOiNKT4ClLjrxbWmdsu6nO2\">Voir vid\u00e9o<\/a><\/p>\n<p><strong>Les points forts :<\/strong><\/p>\n<ul>\n<li>Qualit\u00e9 audio HD \u00ab\u00a0BROADCAST\u00a0\u00bb.<\/li>\n<li>Filtre de bruit configurable en fonction de l&rsquo;atmosph\u00e8re dans le stade.<\/li>\n<li>Encore plus robuste aux interf\u00e9rences radio.<\/li>\n<li>Une liaison radio renforc\u00e9e entre l&rsquo;arbitre et les VARs.<\/li>\n<li>Aucun risque de d\u00e9connexion du casque.<\/li>\n<li>Enregistreur int\u00e9gr\u00e9 pour stocker les conversations sur une carte SD.<\/li>\n<li>Alertes vocales.<\/li>\n<li>Passerelle audio robuste compatible avec tout \u00e9quipement VAR.<\/li>\n<li>Nombre illimit\u00e9 d&rsquo;utilisateurs.<\/li>\n<li>Possibilit\u00e9 de r\u00e9gler le niveau sonore du sifflet.<\/li>\n<\/ul>\n<p>&nbsp;<\/p>\n<p><strong>Exemple du contenu d&rsquo;un kit 6 utilisateurs :<\/strong><\/p>\n<ul>\n<li>6 terminaux radio ELITE (<a href=\"https:\/\/www.eleate.com\/boutique-en-ligne\/product\/terminal-radio-elite-europe\/\">ELITE-UE001<\/a>)<\/li>\n<li>6 micros casques PHONAK (<a href=\"https:\/\/www.eleate.com\/boutique-en-ligne\/product\/micro-casque-professionnel-pour-systeme-unity\/\">PHO521<\/a>)<\/li>\n<li>1 micro casque PHONAK avec PTT (<a href=\"https:\/\/www.eleate.com\/boutique-en-ligne\/product\/micro-casque-professionnel-phonak-avec-bouton-poussoir-et-coque-generique-2\/\">PIO511<\/a>)<\/li>\n<li>5 brassards (<a href=\"https:\/\/www.eleate.com\/boutique-en-ligne\/product\/brassard-pour-squadra\/\">ABD 210<\/a>)<\/li>\n<li>1 ceinture (<a href=\"https:\/\/www.eleate.com\/boutique-en-ligne\/product\/ceinture-elastique-ajustable\/\">BEL211<\/a>)<\/li>\n<li>1 configurateur avec 2 chargeurs batterie 4 slots<\/li>\n<li>1 mallette de transport (<a href=\"https:\/\/www.eleate.com\/boutique-en-ligne\/product\/mallette-de-transport-rigide-pour-kit-5-a-8-terminaux\/\">HAC508<\/a>)<\/li>\n<li>1 guide utilisateur<\/li>\n<\/ul>\n<p>&nbsp;<\/p>\n","protected":false},"excerpt":{"rendered":"<p><span style=\"color: #e2401c;\"><b style=\"color: #e2401c;\">Ce produit n\u00e9cessite la qualification de votre besoin afin de d\u00e9finir\u00a0 au mieux la configuration et les <\/b><span style=\"color: #e2401c;\"><b>accessoires<\/b><\/span><b style=\"color: #e2401c;\"> souhait\u00e9s. <\/b><\/span>\u00a0Vous pouvez d\u00e8s aujourd&rsquo;hui\u00a0 contacter directement notre \u00e9quipe via l&rsquo;adresse <a href=\"mailto:contact@eleate.com\">contact@eleate.com<\/a>. Notre \u00e9quipe reviendra vers vous dans les plus brefs d\u00e9lais.<\/p>\n","protected":false},"featured_media":229,"template":"","meta":[],"product_brand":[],"product_cat":[28,26,52,15],"product_tag":[],"class_list":{"0":"post-204","1":"product","2":"type-product","3":"status-publish","4":"has-post-thumbnail","6":"product_cat-arbitre-professionnel-vokkero-elite","7":"product_cat-kits-vokkero","8":"product_cat-kits-vokkero-elite-arbitre-professionnel","9":"product_cat-materiel-audio-arbitre-staff","11":"first","12":"onbackorder","13":"taxable","14":"shipping-taxable","15":"product-type-simple"},"yoast_head":"<!-- This site is optimized with the Yoast SEO plugin v27.4 - https:\/\/yoast.com\/product\/yoast-seo-wordpress\/ -->\n<title>Kit VOKKERO Elite 2-8 utilisateurs - Eleate Boutique<\/title>\n<meta name=\"robots\" content=\"index, follow, max-snippet:-1, max-image-preview:large, max-video-preview:-1\" \/>\n<link rel=\"canonical\" href=\"https:\/\/www.eleate.com\/boutique-en-ligne\/product\/kit-elite-6-utilisateurs\/\" \/>\n<meta property=\"og:locale\" content=\"fr_FR\" \/>\n<meta property=\"og:type\" content=\"article\" \/>\n<meta property=\"og:title\" content=\"Kit VOKKERO Elite 2-8 utilisateurs - Eleate Boutique\" \/>\n<meta property=\"og:description\" content=\"Ce produit n\u00e9cessite la qualification de votre besoin afin de d\u00e9finir\u00a0 au mieux la configuration et les accessoires souhait\u00e9s. \u00a0Vous pouvez d\u00e8s aujourd&#039;hui\u00a0 contacter directement notre \u00e9quipe via l&#039;adresse contact@eleate.com. Notre \u00e9quipe reviendra vers vous dans les plus brefs d\u00e9lais.\" \/>\n<meta property=\"og:url\" content=\"https:\/\/www.eleate.com\/boutique-en-ligne\/product\/kit-elite-6-utilisateurs\/\" \/>\n<meta property=\"og:site_name\" content=\"Eleate Boutique\" \/>\n<meta property=\"article:modified_time\" content=\"2026-02-19T17:24:38+00:00\" \/>\n<meta property=\"og:image\" content=\"https:\/\/www.eleate.com\/boutique-en-ligne\/wp-content\/uploads\/2021\/03\/KIT-ELITE-5-8-utilisateurs-web.jpg\" \/>\n\t<meta property=\"og:image:width\" content=\"800\" \/>\n\t<meta property=\"og:image:height\" content=\"533\" \/>\n\t<meta property=\"og:image:type\" content=\"image\/jpeg\" \/>\n<meta name=\"twitter:card\" content=\"summary_large_image\" \/>\n<meta name=\"twitter:label1\" content=\"Dur\u00e9e de lecture estim\u00e9e\" \/>\n\t<meta name=\"twitter:data1\" content=\"1 minute\" \/>\n<script type=\"application\/ld+json\" class=\"yoast-schema-graph\">{\"@context\":\"https:\\\/\\\/schema.org\",\"@graph\":[{\"@type\":\"WebPage\",\"@id\":\"https:\\\/\\\/www.eleate.com\\\/boutique-en-ligne\\\/product\\\/kit-elite-6-utilisateurs\\\/\",\"url\":\"https:\\\/\\\/www.eleate.com\\\/boutique-en-ligne\\\/product\\\/kit-elite-6-utilisateurs\\\/\",\"name\":\"Kit VOKKERO Elite 2-8 utilisateurs - Eleate Boutique\",\"isPartOf\":{\"@id\":\"https:\\\/\\\/www.eleate.com\\\/boutique-en-ligne\\\/#website\"},\"primaryImageOfPage\":{\"@id\":\"https:\\\/\\\/www.eleate.com\\\/boutique-en-ligne\\\/product\\\/kit-elite-6-utilisateurs\\\/#primaryimage\"},\"image\":{\"@id\":\"https:\\\/\\\/www.eleate.com\\\/boutique-en-ligne\\\/product\\\/kit-elite-6-utilisateurs\\\/#primaryimage\"},\"thumbnailUrl\":\"https:\\\/\\\/www.eleate.com\\\/boutique-en-ligne\\\/wp-content\\\/uploads\\\/2021\\\/03\\\/KIT-ELITE-5-8-utilisateurs-web.jpg\",\"datePublished\":\"2021-03-15T14:19:24+00:00\",\"dateModified\":\"2026-02-19T17:24:38+00:00\",\"breadcrumb\":{\"@id\":\"https:\\\/\\\/www.eleate.com\\\/boutique-en-ligne\\\/product\\\/kit-elite-6-utilisateurs\\\/#breadcrumb\"},\"inLanguage\":\"fr-FR\",\"potentialAction\":[{\"@type\":\"ReadAction\",\"target\":[\"https:\\\/\\\/www.eleate.com\\\/boutique-en-ligne\\\/product\\\/kit-elite-6-utilisateurs\\\/\"]}]},{\"@type\":\"ImageObject\",\"inLanguage\":\"fr-FR\",\"@id\":\"https:\\\/\\\/www.eleate.com\\\/boutique-en-ligne\\\/product\\\/kit-elite-6-utilisateurs\\\/#primaryimage\",\"url\":\"https:\\\/\\\/www.eleate.com\\\/boutique-en-ligne\\\/wp-content\\\/uploads\\\/2021\\\/03\\\/KIT-ELITE-5-8-utilisateurs-web.jpg\",\"contentUrl\":\"https:\\\/\\\/www.eleate.com\\\/boutique-en-ligne\\\/wp-content\\\/uploads\\\/2021\\\/03\\\/KIT-ELITE-5-8-utilisateurs-web.jpg\",\"width\":800,\"height\":533},{\"@type\":\"BreadcrumbList\",\"@id\":\"https:\\\/\\\/www.eleate.com\\\/boutique-en-ligne\\\/product\\\/kit-elite-6-utilisateurs\\\/#breadcrumb\",\"itemListElement\":[{\"@type\":\"ListItem\",\"position\":1,\"name\":\"Home\",\"item\":\"https:\\\/\\\/www.eleate.com\\\/boutique-en-ligne\\\/\"},{\"@type\":\"ListItem\",\"position\":2,\"name\":\"Boutique Eleate\",\"item\":\"https:\\\/\\\/www.eleate.com\\\/boutique-en-ligne\\\/\"},{\"@type\":\"ListItem\",\"position\":3,\"name\":\"Kit VOKKERO Elite 2-8 utilisateurs\"}]},{\"@type\":\"WebSite\",\"@id\":\"https:\\\/\\\/www.eleate.com\\\/boutique-en-ligne\\\/#website\",\"url\":\"https:\\\/\\\/www.eleate.com\\\/boutique-en-ligne\\\/\",\"name\":\"Eleate Boutique\",\"description\":\"Prestations technique et t\u00e9l\u00e9phonique pour tous vos \u00e9v\u00e8nements, et ce sur l&#039;ensemble de la France m\u00e9tropolitaine.\",\"publisher\":{\"@id\":\"https:\\\/\\\/www.eleate.com\\\/boutique-en-ligne\\\/#organization\"},\"potentialAction\":[{\"@type\":\"SearchAction\",\"target\":{\"@type\":\"EntryPoint\",\"urlTemplate\":\"https:\\\/\\\/www.eleate.com\\\/boutique-en-ligne\\\/?s={search_term_string}\"},\"query-input\":{\"@type\":\"PropertyValueSpecification\",\"valueRequired\":true,\"valueName\":\"search_term_string\"}}],\"inLanguage\":\"fr-FR\"},{\"@type\":\"Organization\",\"@id\":\"https:\\\/\\\/www.eleate.com\\\/boutique-en-ligne\\\/#organization\",\"name\":\"Eleate Boutique\",\"url\":\"https:\\\/\\\/www.eleate.com\\\/boutique-en-ligne\\\/\",\"logo\":{\"@type\":\"ImageObject\",\"inLanguage\":\"fr-FR\",\"@id\":\"https:\\\/\\\/www.eleate.com\\\/boutique-en-ligne\\\/#\\\/schema\\\/logo\\\/image\\\/\",\"url\":\"https:\\\/\\\/www.eleate.com\\\/boutique-en-ligne\\\/wp-content\\\/uploads\\\/2020\\\/12\\\/cropped-eleate.png\",\"contentUrl\":\"https:\\\/\\\/www.eleate.com\\\/boutique-en-ligne\\\/wp-content\\\/uploads\\\/2020\\\/12\\\/cropped-eleate.png\",\"width\":186,\"height\":34,\"caption\":\"Eleate Boutique\"},\"image\":{\"@id\":\"https:\\\/\\\/www.eleate.com\\\/boutique-en-ligne\\\/#\\\/schema\\\/logo\\\/image\\\/\"}}]}<\/script>\n<!-- \/ Yoast SEO plugin. -->","yoast_head_json":{"title":"Kit VOKKERO Elite 2-8 utilisateurs - Eleate Boutique","robots":{"index":"index","follow":"follow","max-snippet":"max-snippet:-1","max-image-preview":"max-image-preview:large","max-video-preview":"max-video-preview:-1"},"canonical":"https:\/\/www.eleate.com\/boutique-en-ligne\/product\/kit-elite-6-utilisateurs\/","og_locale":"fr_FR","og_type":"article","og_title":"Kit VOKKERO Elite 2-8 utilisateurs - Eleate Boutique","og_description":"Ce produit n\u00e9cessite la qualification de votre besoin afin de d\u00e9finir\u00a0 au mieux la configuration et les accessoires souhait\u00e9s. \u00a0Vous pouvez d\u00e8s aujourd'hui\u00a0 contacter directement notre \u00e9quipe via l'adresse contact@eleate.com. Notre \u00e9quipe reviendra vers vous dans les plus brefs d\u00e9lais.","og_url":"https:\/\/www.eleate.com\/boutique-en-ligne\/product\/kit-elite-6-utilisateurs\/","og_site_name":"Eleate Boutique","article_modified_time":"2026-02-19T17:24:38+00:00","og_image":[{"width":800,"height":533,"url":"https:\/\/www.eleate.com\/boutique-en-ligne\/wp-content\/uploads\/2021\/03\/KIT-ELITE-5-8-utilisateurs-web.jpg","type":"image\/jpeg"}],"twitter_card":"summary_large_image","twitter_misc":{"Dur\u00e9e de lecture estim\u00e9e":"1 minute"},"schema":{"@context":"https:\/\/schema.org","@graph":[{"@type":"WebPage","@id":"https:\/\/www.eleate.com\/boutique-en-ligne\/product\/kit-elite-6-utilisateurs\/","url":"https:\/\/www.eleate.com\/boutique-en-ligne\/product\/kit-elite-6-utilisateurs\/","name":"Kit VOKKERO Elite 2-8 utilisateurs - Eleate Boutique","isPartOf":{"@id":"https:\/\/www.eleate.com\/boutique-en-ligne\/#website"},"primaryImageOfPage":{"@id":"https:\/\/www.eleate.com\/boutique-en-ligne\/product\/kit-elite-6-utilisateurs\/#primaryimage"},"image":{"@id":"https:\/\/www.eleate.com\/boutique-en-ligne\/product\/kit-elite-6-utilisateurs\/#primaryimage"},"thumbnailUrl":"https:\/\/www.eleate.com\/boutique-en-ligne\/wp-content\/uploads\/2021\/03\/KIT-ELITE-5-8-utilisateurs-web.jpg","datePublished":"2021-03-15T14:19:24+00:00","dateModified":"2026-02-19T17:24:38+00:00","breadcrumb":{"@id":"https:\/\/www.eleate.com\/boutique-en-ligne\/product\/kit-elite-6-utilisateurs\/#breadcrumb"},"inLanguage":"fr-FR","potentialAction":[{"@type":"ReadAction","target":["https:\/\/www.eleate.com\/boutique-en-ligne\/product\/kit-elite-6-utilisateurs\/"]}]},{"@type":"ImageObject","inLanguage":"fr-FR","@id":"https:\/\/www.eleate.com\/boutique-en-ligne\/product\/kit-elite-6-utilisateurs\/#primaryimage","url":"https:\/\/www.eleate.com\/boutique-en-ligne\/wp-content\/uploads\/2021\/03\/KIT-ELITE-5-8-utilisateurs-web.jpg","contentUrl":"https:\/\/www.eleate.com\/boutique-en-ligne\/wp-content\/uploads\/2021\/03\/KIT-ELITE-5-8-utilisateurs-web.jpg","width":800,"height":533},{"@type":"BreadcrumbList","@id":"https:\/\/www.eleate.com\/boutique-en-ligne\/product\/kit-elite-6-utilisateurs\/#breadcrumb","itemListElement":[{"@type":"ListItem","position":1,"name":"Home","item":"https:\/\/www.eleate.com\/boutique-en-ligne\/"},{"@type":"ListItem","position":2,"name":"Boutique Eleate","item":"https:\/\/www.eleate.com\/boutique-en-ligne\/"},{"@type":"ListItem","position":3,"name":"Kit VOKKERO Elite 2-8 utilisateurs"}]},{"@type":"WebSite","@id":"https:\/\/www.eleate.com\/boutique-en-ligne\/#website","url":"https:\/\/www.eleate.com\/boutique-en-ligne\/","name":"Eleate Boutique","description":"Prestations technique et t\u00e9l\u00e9phonique pour tous vos \u00e9v\u00e8nements, et ce sur l&#039;ensemble de la France m\u00e9tropolitaine.","publisher":{"@id":"https:\/\/www.eleate.com\/boutique-en-ligne\/#organization"},"potentialAction":[{"@type":"SearchAction","target":{"@type":"EntryPoint","urlTemplate":"https:\/\/www.eleate.com\/boutique-en-ligne\/?s={search_term_string}"},"query-input":{"@type":"PropertyValueSpecification","valueRequired":true,"valueName":"search_term_string"}}],"inLanguage":"fr-FR"},{"@type":"Organization","@id":"https:\/\/www.eleate.com\/boutique-en-ligne\/#organization","name":"Eleate Boutique","url":"https:\/\/www.eleate.com\/boutique-en-ligne\/","logo":{"@type":"ImageObject","inLanguage":"fr-FR","@id":"https:\/\/www.eleate.com\/boutique-en-ligne\/#\/schema\/logo\/image\/","url":"https:\/\/www.eleate.com\/boutique-en-ligne\/wp-content\/uploads\/2020\/12\/cropped-eleate.png","contentUrl":"https:\/\/www.eleate.com\/boutique-en-ligne\/wp-content\/uploads\/2020\/12\/cropped-eleate.png","width":186,"height":34,"caption":"Eleate Boutique"},"image":{"@id":"https:\/\/www.eleate.com\/boutique-en-ligne\/#\/schema\/logo\/image\/"}}]}},"jetpack_sharing_enabled":true,"_links":{"self":[{"href":"https:\/\/www.eleate.com\/boutique-en-ligne\/wp-json\/wp\/v2\/product\/204","targetHints":{"allow":["GET"]}}],"collection":[{"href":"https:\/\/www.eleate.com\/boutique-en-ligne\/wp-json\/wp\/v2\/product"}],"about":[{"href":"https:\/\/www.eleate.com\/boutique-en-ligne\/wp-json\/wp\/v2\/types\/product"}],"wp:featuredmedia":[{"embeddable":true,"href":"https:\/\/www.eleate.com\/boutique-en-ligne\/wp-json\/wp\/v2\/media\/229"}],"wp:attachment":[{"href":"https:\/\/www.eleate.com\/boutique-en-ligne\/wp-json\/wp\/v2\/media?parent=204"}],"wp:term":[{"taxonomy":"product_brand","embeddable":true,"href":"https:\/\/www.eleate.com\/boutique-en-ligne\/wp-json\/wp\/v2\/product_brand?post=204"},{"taxonomy":"product_cat","embeddable":true,"href":"https:\/\/www.eleate.com\/boutique-en-ligne\/wp-json\/wp\/v2\/product_cat?post=204"},{"taxonomy":"product_tag","embeddable":true,"href":"https:\/\/www.eleate.com\/boutique-en-ligne\/wp-json\/wp\/v2\/product_tag?post=204"}],"curies":[{"name":"wp","href":"https:\/\/api.w.org\/{rel}","templated":true}]}}