{"id":181,"date":"2021-03-15T11:03:15","date_gmt":"2021-03-15T11:03:15","guid":{"rendered":"https:\/\/www.eleate.com\/boutique-en-ligne\/?post_type=product&#038;p=181"},"modified":"2026-02-19T17:32:51","modified_gmt":"2026-02-19T17:32:51","slug":"kit-guardian-staff-4-utilisateurs","status":"publish","type":"product","link":"https:\/\/www.eleate.com\/boutique-en-ligne\/product\/kit-guardian-staff-4-utilisateurs\/","title":{"rendered":"Kit GUARDIAN STAFF 2-10 utilisateurs"},"content":{"rendered":"<p>Kit de 2 \u00e0 10 utilisateurs sur mesure, comprenant potentiellement : les terminaux GUARDIAN STAFF, des micro-oreillettes professionnelles, le chargeur configurateur et des accessoires. <a href=\"https:\/\/www.youtube.com\/watch?v=DiQ2a17wvkk&amp;t=5s\">voir la vid\u00e9o<\/a><\/p>\n<p><strong>Les points forts :<\/strong><\/p>\n<ul>\n<li>Nombre d\u2019utilisateurs illimit\u00e9.<\/li>\n<li>Prise en main intuitive, aucune installation fixe requise.<\/li>\n<li>Cryptage num\u00e9rique durci : \u00e9changes s\u00e9curis\u00e9s par une cl\u00e9 AES 128.<\/li>\n<li>Syst\u00e8me main-libre, communication instantan\u00e9e et en continu.<\/li>\n<li>Fonction \u00ab\u00a0Groupe\u00a0\u00bb disponible .<\/li>\n<li>Fonction \u00ab\u00a0alarme\u00a0\u00bb : vibreur ou signal sonore.<\/li>\n<li>Filtre de bruit brevet\u00e9 : suppression totale des bruits du stade.<\/li>\n<li>Syst\u00e8me adapt\u00e9 aux exigences techniques des matchs officiels.<\/li>\n<li>De l&rsquo;oreillette audio discr\u00e8te et l\u00e9g\u00e8re au casque audio professionnel.<\/li>\n<li>Son HD : audio clair et intelligible.<\/li>\n<\/ul>\n<p>&nbsp;<\/p>\n<p>Exemple de composition d&rsquo;un kit GUARDIAN STAFF 4 utilisateurs<\/p>\n<ul>\n<li>4 terminaux radio GUARDIAN STAFF<\/li>\n<li>4 micros casques Maestro mono oreille (<a href=\"https:\/\/www.eleate.com\/boutique-en-ligne\/product\/micro-casque-professionnel-maestro-mono-oreille\/\">MAE 410<\/a>).<\/li>\n<li>4 pochettes ceinture.<\/li>\n<li>1 configurateur avec chargeur batterie 4 slots.<\/li>\n<li>1 mallette de transport (<a href=\"https:\/\/www.eleate.com\/boutique-en-ligne\/product\/mallette-transport-rigide-pour-kit-2-a-4-terminaux\/\">HAC404<\/a>).<\/li>\n<li>1 guide utilisateur.<\/li>\n<\/ul>\n","protected":false},"excerpt":{"rendered":"<p><span style=\"color: #e2401c;\"><b style=\"color: #e2401c;\">Ce produit n\u00e9cessite la qualification de votre besoin afin de d\u00e9finir\u00a0 au mieux la configuration et les <\/b><b>accessoires<\/b><b style=\"color: #e2401c;\"> souhait\u00e9s. <\/b><\/span>\u00a0Vous pouvez d\u00e8s aujourd&rsquo;hui\u00a0 contacter directement notre \u00e9quipe via l&rsquo;adresse <a href=\"mailto:contact@eleate.com\">contact@eleate.com<\/a>. Notre \u00e9quipe reviendra vers vous dans les plus brefs d\u00e9lais.<\/p>\n","protected":false},"featured_media":227,"template":"","meta":[],"product_brand":[],"product_cat":[26,58,29,15],"product_tag":[],"class_list":{"0":"post-181","1":"product","2":"type-product","3":"status-publish","4":"has-post-thumbnail","6":"product_cat-kits-vokkero","7":"product_cat-kits-vokkero-guardian-staff-coach","8":"product_cat-staff-vokkero-guardian-staff","9":"product_cat-materiel-audio-arbitre-staff","11":"first","12":"onbackorder","13":"taxable","14":"shipping-taxable","15":"product-type-simple"},"yoast_head":"<!-- This site is optimized with the Yoast SEO plugin v27.4 - https:\/\/yoast.com\/product\/yoast-seo-wordpress\/ -->\n<title>Kit GUARDIAN STAFF 2-10 utilisateurs - Eleate Boutique<\/title>\n<meta name=\"robots\" content=\"index, follow, max-snippet:-1, max-image-preview:large, max-video-preview:-1\" \/>\n<link rel=\"canonical\" href=\"https:\/\/www.eleate.com\/boutique-en-ligne\/product\/kit-guardian-staff-4-utilisateurs\/\" \/>\n<meta property=\"og:locale\" content=\"fr_FR\" \/>\n<meta property=\"og:type\" content=\"article\" \/>\n<meta property=\"og:title\" content=\"Kit GUARDIAN STAFF 2-10 utilisateurs - Eleate Boutique\" \/>\n<meta property=\"og:description\" content=\"Ce produit n\u00e9cessite la qualification de votre besoin afin de d\u00e9finir\u00a0 au mieux la configuration et les accessoires souhait\u00e9s. \u00a0Vous pouvez d\u00e8s aujourd&#039;hui\u00a0 contacter directement notre \u00e9quipe via l&#039;adresse contact@eleate.com. Notre \u00e9quipe reviendra vers vous dans les plus brefs d\u00e9lais.\" \/>\n<meta property=\"og:url\" content=\"https:\/\/www.eleate.com\/boutique-en-ligne\/product\/kit-guardian-staff-4-utilisateurs\/\" \/>\n<meta property=\"og:site_name\" content=\"Eleate Boutique\" \/>\n<meta property=\"article:modified_time\" content=\"2026-02-19T17:32:51+00:00\" \/>\n<meta property=\"og:image\" content=\"https:\/\/www.eleate.com\/boutique-en-ligne\/wp-content\/uploads\/2021\/03\/KIT-4_GUARDIAN-STAFF-web.jpg\" \/>\n\t<meta property=\"og:image:width\" content=\"800\" \/>\n\t<meta property=\"og:image:height\" content=\"696\" \/>\n\t<meta property=\"og:image:type\" content=\"image\/jpeg\" \/>\n<meta name=\"twitter:card\" content=\"summary_large_image\" \/>\n<meta name=\"twitter:label1\" content=\"Dur\u00e9e de lecture estim\u00e9e\" \/>\n\t<meta name=\"twitter:data1\" content=\"1 minute\" \/>\n<script type=\"application\/ld+json\" class=\"yoast-schema-graph\">{\"@context\":\"https:\\\/\\\/schema.org\",\"@graph\":[{\"@type\":\"WebPage\",\"@id\":\"https:\\\/\\\/www.eleate.com\\\/boutique-en-ligne\\\/product\\\/kit-guardian-staff-4-utilisateurs\\\/\",\"url\":\"https:\\\/\\\/www.eleate.com\\\/boutique-en-ligne\\\/product\\\/kit-guardian-staff-4-utilisateurs\\\/\",\"name\":\"Kit GUARDIAN STAFF 2-10 utilisateurs - Eleate Boutique\",\"isPartOf\":{\"@id\":\"https:\\\/\\\/www.eleate.com\\\/boutique-en-ligne\\\/#website\"},\"primaryImageOfPage\":{\"@id\":\"https:\\\/\\\/www.eleate.com\\\/boutique-en-ligne\\\/product\\\/kit-guardian-staff-4-utilisateurs\\\/#primaryimage\"},\"image\":{\"@id\":\"https:\\\/\\\/www.eleate.com\\\/boutique-en-ligne\\\/product\\\/kit-guardian-staff-4-utilisateurs\\\/#primaryimage\"},\"thumbnailUrl\":\"https:\\\/\\\/www.eleate.com\\\/boutique-en-ligne\\\/wp-content\\\/uploads\\\/2021\\\/03\\\/KIT-4_GUARDIAN-STAFF-web.jpg\",\"datePublished\":\"2021-03-15T11:03:15+00:00\",\"dateModified\":\"2026-02-19T17:32:51+00:00\",\"breadcrumb\":{\"@id\":\"https:\\\/\\\/www.eleate.com\\\/boutique-en-ligne\\\/product\\\/kit-guardian-staff-4-utilisateurs\\\/#breadcrumb\"},\"inLanguage\":\"fr-FR\",\"potentialAction\":[{\"@type\":\"ReadAction\",\"target\":[\"https:\\\/\\\/www.eleate.com\\\/boutique-en-ligne\\\/product\\\/kit-guardian-staff-4-utilisateurs\\\/\"]}]},{\"@type\":\"ImageObject\",\"inLanguage\":\"fr-FR\",\"@id\":\"https:\\\/\\\/www.eleate.com\\\/boutique-en-ligne\\\/product\\\/kit-guardian-staff-4-utilisateurs\\\/#primaryimage\",\"url\":\"https:\\\/\\\/www.eleate.com\\\/boutique-en-ligne\\\/wp-content\\\/uploads\\\/2021\\\/03\\\/KIT-4_GUARDIAN-STAFF-web.jpg\",\"contentUrl\":\"https:\\\/\\\/www.eleate.com\\\/boutique-en-ligne\\\/wp-content\\\/uploads\\\/2021\\\/03\\\/KIT-4_GUARDIAN-STAFF-web.jpg\",\"width\":800,\"height\":696},{\"@type\":\"BreadcrumbList\",\"@id\":\"https:\\\/\\\/www.eleate.com\\\/boutique-en-ligne\\\/product\\\/kit-guardian-staff-4-utilisateurs\\\/#breadcrumb\",\"itemListElement\":[{\"@type\":\"ListItem\",\"position\":1,\"name\":\"Home\",\"item\":\"https:\\\/\\\/www.eleate.com\\\/boutique-en-ligne\\\/\"},{\"@type\":\"ListItem\",\"position\":2,\"name\":\"Boutique Eleate\",\"item\":\"https:\\\/\\\/www.eleate.com\\\/boutique-en-ligne\\\/\"},{\"@type\":\"ListItem\",\"position\":3,\"name\":\"Kit GUARDIAN STAFF 2-10 utilisateurs\"}]},{\"@type\":\"WebSite\",\"@id\":\"https:\\\/\\\/www.eleate.com\\\/boutique-en-ligne\\\/#website\",\"url\":\"https:\\\/\\\/www.eleate.com\\\/boutique-en-ligne\\\/\",\"name\":\"Eleate Boutique\",\"description\":\"Prestations technique et t\u00e9l\u00e9phonique pour tous vos \u00e9v\u00e8nements, et ce sur l&#039;ensemble de la France m\u00e9tropolitaine.\",\"publisher\":{\"@id\":\"https:\\\/\\\/www.eleate.com\\\/boutique-en-ligne\\\/#organization\"},\"potentialAction\":[{\"@type\":\"SearchAction\",\"target\":{\"@type\":\"EntryPoint\",\"urlTemplate\":\"https:\\\/\\\/www.eleate.com\\\/boutique-en-ligne\\\/?s={search_term_string}\"},\"query-input\":{\"@type\":\"PropertyValueSpecification\",\"valueRequired\":true,\"valueName\":\"search_term_string\"}}],\"inLanguage\":\"fr-FR\"},{\"@type\":\"Organization\",\"@id\":\"https:\\\/\\\/www.eleate.com\\\/boutique-en-ligne\\\/#organization\",\"name\":\"Eleate Boutique\",\"url\":\"https:\\\/\\\/www.eleate.com\\\/boutique-en-ligne\\\/\",\"logo\":{\"@type\":\"ImageObject\",\"inLanguage\":\"fr-FR\",\"@id\":\"https:\\\/\\\/www.eleate.com\\\/boutique-en-ligne\\\/#\\\/schema\\\/logo\\\/image\\\/\",\"url\":\"https:\\\/\\\/www.eleate.com\\\/boutique-en-ligne\\\/wp-content\\\/uploads\\\/2020\\\/12\\\/cropped-eleate.png\",\"contentUrl\":\"https:\\\/\\\/www.eleate.com\\\/boutique-en-ligne\\\/wp-content\\\/uploads\\\/2020\\\/12\\\/cropped-eleate.png\",\"width\":186,\"height\":34,\"caption\":\"Eleate Boutique\"},\"image\":{\"@id\":\"https:\\\/\\\/www.eleate.com\\\/boutique-en-ligne\\\/#\\\/schema\\\/logo\\\/image\\\/\"}}]}<\/script>\n<!-- \/ Yoast SEO plugin. -->","yoast_head_json":{"title":"Kit GUARDIAN STAFF 2-10 utilisateurs - Eleate Boutique","robots":{"index":"index","follow":"follow","max-snippet":"max-snippet:-1","max-image-preview":"max-image-preview:large","max-video-preview":"max-video-preview:-1"},"canonical":"https:\/\/www.eleate.com\/boutique-en-ligne\/product\/kit-guardian-staff-4-utilisateurs\/","og_locale":"fr_FR","og_type":"article","og_title":"Kit GUARDIAN STAFF 2-10 utilisateurs - Eleate Boutique","og_description":"Ce produit n\u00e9cessite la qualification de votre besoin afin de d\u00e9finir\u00a0 au mieux la configuration et les accessoires souhait\u00e9s. \u00a0Vous pouvez d\u00e8s aujourd'hui\u00a0 contacter directement notre \u00e9quipe via l'adresse contact@eleate.com. Notre \u00e9quipe reviendra vers vous dans les plus brefs d\u00e9lais.","og_url":"https:\/\/www.eleate.com\/boutique-en-ligne\/product\/kit-guardian-staff-4-utilisateurs\/","og_site_name":"Eleate Boutique","article_modified_time":"2026-02-19T17:32:51+00:00","og_image":[{"width":800,"height":696,"url":"https:\/\/www.eleate.com\/boutique-en-ligne\/wp-content\/uploads\/2021\/03\/KIT-4_GUARDIAN-STAFF-web.jpg","type":"image\/jpeg"}],"twitter_card":"summary_large_image","twitter_misc":{"Dur\u00e9e de lecture estim\u00e9e":"1 minute"},"schema":{"@context":"https:\/\/schema.org","@graph":[{"@type":"WebPage","@id":"https:\/\/www.eleate.com\/boutique-en-ligne\/product\/kit-guardian-staff-4-utilisateurs\/","url":"https:\/\/www.eleate.com\/boutique-en-ligne\/product\/kit-guardian-staff-4-utilisateurs\/","name":"Kit GUARDIAN STAFF 2-10 utilisateurs - Eleate Boutique","isPartOf":{"@id":"https:\/\/www.eleate.com\/boutique-en-ligne\/#website"},"primaryImageOfPage":{"@id":"https:\/\/www.eleate.com\/boutique-en-ligne\/product\/kit-guardian-staff-4-utilisateurs\/#primaryimage"},"image":{"@id":"https:\/\/www.eleate.com\/boutique-en-ligne\/product\/kit-guardian-staff-4-utilisateurs\/#primaryimage"},"thumbnailUrl":"https:\/\/www.eleate.com\/boutique-en-ligne\/wp-content\/uploads\/2021\/03\/KIT-4_GUARDIAN-STAFF-web.jpg","datePublished":"2021-03-15T11:03:15+00:00","dateModified":"2026-02-19T17:32:51+00:00","breadcrumb":{"@id":"https:\/\/www.eleate.com\/boutique-en-ligne\/product\/kit-guardian-staff-4-utilisateurs\/#breadcrumb"},"inLanguage":"fr-FR","potentialAction":[{"@type":"ReadAction","target":["https:\/\/www.eleate.com\/boutique-en-ligne\/product\/kit-guardian-staff-4-utilisateurs\/"]}]},{"@type":"ImageObject","inLanguage":"fr-FR","@id":"https:\/\/www.eleate.com\/boutique-en-ligne\/product\/kit-guardian-staff-4-utilisateurs\/#primaryimage","url":"https:\/\/www.eleate.com\/boutique-en-ligne\/wp-content\/uploads\/2021\/03\/KIT-4_GUARDIAN-STAFF-web.jpg","contentUrl":"https:\/\/www.eleate.com\/boutique-en-ligne\/wp-content\/uploads\/2021\/03\/KIT-4_GUARDIAN-STAFF-web.jpg","width":800,"height":696},{"@type":"BreadcrumbList","@id":"https:\/\/www.eleate.com\/boutique-en-ligne\/product\/kit-guardian-staff-4-utilisateurs\/#breadcrumb","itemListElement":[{"@type":"ListItem","position":1,"name":"Home","item":"https:\/\/www.eleate.com\/boutique-en-ligne\/"},{"@type":"ListItem","position":2,"name":"Boutique Eleate","item":"https:\/\/www.eleate.com\/boutique-en-ligne\/"},{"@type":"ListItem","position":3,"name":"Kit GUARDIAN STAFF 2-10 utilisateurs"}]},{"@type":"WebSite","@id":"https:\/\/www.eleate.com\/boutique-en-ligne\/#website","url":"https:\/\/www.eleate.com\/boutique-en-ligne\/","name":"Eleate Boutique","description":"Prestations technique et t\u00e9l\u00e9phonique pour tous vos \u00e9v\u00e8nements, et ce sur l&#039;ensemble de la France m\u00e9tropolitaine.","publisher":{"@id":"https:\/\/www.eleate.com\/boutique-en-ligne\/#organization"},"potentialAction":[{"@type":"SearchAction","target":{"@type":"EntryPoint","urlTemplate":"https:\/\/www.eleate.com\/boutique-en-ligne\/?s={search_term_string}"},"query-input":{"@type":"PropertyValueSpecification","valueRequired":true,"valueName":"search_term_string"}}],"inLanguage":"fr-FR"},{"@type":"Organization","@id":"https:\/\/www.eleate.com\/boutique-en-ligne\/#organization","name":"Eleate Boutique","url":"https:\/\/www.eleate.com\/boutique-en-ligne\/","logo":{"@type":"ImageObject","inLanguage":"fr-FR","@id":"https:\/\/www.eleate.com\/boutique-en-ligne\/#\/schema\/logo\/image\/","url":"https:\/\/www.eleate.com\/boutique-en-ligne\/wp-content\/uploads\/2020\/12\/cropped-eleate.png","contentUrl":"https:\/\/www.eleate.com\/boutique-en-ligne\/wp-content\/uploads\/2020\/12\/cropped-eleate.png","width":186,"height":34,"caption":"Eleate Boutique"},"image":{"@id":"https:\/\/www.eleate.com\/boutique-en-ligne\/#\/schema\/logo\/image\/"}}]}},"jetpack_sharing_enabled":true,"_links":{"self":[{"href":"https:\/\/www.eleate.com\/boutique-en-ligne\/wp-json\/wp\/v2\/product\/181","targetHints":{"allow":["GET"]}}],"collection":[{"href":"https:\/\/www.eleate.com\/boutique-en-ligne\/wp-json\/wp\/v2\/product"}],"about":[{"href":"https:\/\/www.eleate.com\/boutique-en-ligne\/wp-json\/wp\/v2\/types\/product"}],"wp:featuredmedia":[{"embeddable":true,"href":"https:\/\/www.eleate.com\/boutique-en-ligne\/wp-json\/wp\/v2\/media\/227"}],"wp:attachment":[{"href":"https:\/\/www.eleate.com\/boutique-en-ligne\/wp-json\/wp\/v2\/media?parent=181"}],"wp:term":[{"taxonomy":"product_brand","embeddable":true,"href":"https:\/\/www.eleate.com\/boutique-en-ligne\/wp-json\/wp\/v2\/product_brand?post=181"},{"taxonomy":"product_cat","embeddable":true,"href":"https:\/\/www.eleate.com\/boutique-en-ligne\/wp-json\/wp\/v2\/product_cat?post=181"},{"taxonomy":"product_tag","embeddable":true,"href":"https:\/\/www.eleate.com\/boutique-en-ligne\/wp-json\/wp\/v2\/product_tag?post=181"}],"curies":[{"name":"wp","href":"https:\/\/api.w.org\/{rel}","templated":true}]}}