{"id":539,"date":"2025-06-26T16:59:09","date_gmt":"2025-06-26T16:59:09","guid":{"rendered":"https:\/\/www.eleate.com\/boutique-en-ligne\/?page_id=539"},"modified":"2025-07-08T09:45:52","modified_gmt":"2025-07-08T09:45:52","slug":"nos-realisations","status":"publish","type":"page","link":"https:\/\/www.eleate.com\/boutique-en-ligne\/nos-realisations\/","title":{"rendered":"Nos r\u00e9alisations"},"content":{"rendered":"\n<p>ELEATE est une soci\u00e9t\u00e9 de prestations de services sp\u00e9cialis\u00e9e dans les technologies de production et de diffusion num\u00e9riques ou analogiques. Nos domaines d&rsquo;activit\u00e9s sont les suivants : le sport, le spectacle, la radio FM et la diffusion hertzienne num\u00e9rique, la distribution de produits num\u00e9riques d&rsquo;intercom HF.<\/p>\n\n\n\n<div class=\"wp-block-group realisations has-small-font-size\" style=\"padding-top:30px;padding-right:30px;padding-bottom:30px;padding-left:30px\"><div class=\"wp-block-group__inner-container is-layout-constrained wp-container-core-group-is-layout-e5c0cd5e wp-block-group-is-layout-constrained\">\n<div class=\"wp-block-columns is-layout-flex wp-container-core-columns-is-layout-28f84493 wp-block-columns-is-layout-flex\">\n<div class=\"wp-block-column is-layout-flow wp-block-column-is-layout-flow\" style=\"flex-basis:50%\">\n<div class=\"wp-block-query is-layout-flow wp-block-query-is-layout-flow\"><ul class=\"wp-block-post-template is-layout-flow wp-block-post-template-is-layout-flow\"><li class=\"wp-block-post post-572 post type-post status-publish format-standard has-post-thumbnail hentry category-radio category-realisations\">\n<figure class=\"wp-block-post-featured-image\"><a href=\"https:\/\/www.eleate.com\/boutique-en-ligne\/realisations\/numerisation-de-la-radio-vinci-autoroute\/\" target=\"_self\"  ><img loading=\"lazy\" decoding=\"async\" width=\"900\" height=\"563\" src=\"https:\/\/www.eleate.com\/boutique-en-ligne\/wp-content\/uploads\/2025\/06\/radio-vinci-1.jpg\" class=\"attachment-post-thumbnail size-post-thumbnail wp-post-image\" alt=\"Num\u00e9risation de la radio Vinci Autoroute\" style=\"object-fit:cover;\" srcset=\"https:\/\/www.eleate.com\/boutique-en-ligne\/wp-content\/uploads\/2025\/06\/radio-vinci-1.jpg 900w, https:\/\/www.eleate.com\/boutique-en-ligne\/wp-content\/uploads\/2025\/06\/radio-vinci-1-300x188.jpg 300w, https:\/\/www.eleate.com\/boutique-en-ligne\/wp-content\/uploads\/2025\/06\/radio-vinci-1-768x480.jpg 768w, https:\/\/www.eleate.com\/boutique-en-ligne\/wp-content\/uploads\/2025\/06\/radio-vinci-1-416x260.jpg 416w\" sizes=\"auto, (max-width: 900px) 100vw, 900px\" \/><\/a><\/figure>\n\n<h2 class=\"wp-block-post-title\"><a href=\"https:\/\/www.eleate.com\/boutique-en-ligne\/realisations\/numerisation-de-la-radio-vinci-autoroute\/\" target=\"_self\" >Num\u00e9risation de la radio Vinci Autoroute<\/a><\/h2>\n<\/li><li class=\"wp-block-post post-559 post type-post status-publish format-standard has-post-thumbnail hentry category-realisations category-sport\">\n<figure class=\"wp-block-post-featured-image\"><a href=\"https:\/\/www.eleate.com\/boutique-en-ligne\/realisations\/equipemment-des-arbitres-de-la-federation-francaise-de-handball\/\" target=\"_self\"  ><img loading=\"lazy\" decoding=\"async\" width=\"900\" height=\"563\" src=\"https:\/\/www.eleate.com\/boutique-en-ligne\/wp-content\/uploads\/2025\/06\/sport-handball.jpg\" class=\"attachment-post-thumbnail size-post-thumbnail wp-post-image\" alt=\"\u00c9quipemment des arbitres de la F\u00e9d\u00e9ration Fran\u00e7aise de Handball\" style=\"object-fit:cover;\" srcset=\"https:\/\/www.eleate.com\/boutique-en-ligne\/wp-content\/uploads\/2025\/06\/sport-handball.jpg 900w, https:\/\/www.eleate.com\/boutique-en-ligne\/wp-content\/uploads\/2025\/06\/sport-handball-300x188.jpg 300w, https:\/\/www.eleate.com\/boutique-en-ligne\/wp-content\/uploads\/2025\/06\/sport-handball-768x480.jpg 768w, https:\/\/www.eleate.com\/boutique-en-ligne\/wp-content\/uploads\/2025\/06\/sport-handball-416x260.jpg 416w\" sizes=\"auto, (max-width: 900px) 100vw, 900px\" \/><\/a><\/figure>\n\n<h2 class=\"wp-block-post-title\"><a href=\"https:\/\/www.eleate.com\/boutique-en-ligne\/realisations\/equipemment-des-arbitres-de-la-federation-francaise-de-handball\/\" target=\"_self\" >\u00c9quipemment des arbitres de la F\u00e9d\u00e9ration Fran\u00e7aise de Handball<\/a><\/h2>\n<\/li><li class=\"wp-block-post post-558 post type-post status-publish format-standard has-post-thumbnail hentry category-realisations category-sport\">\n<figure class=\"wp-block-post-featured-image\"><a href=\"https:\/\/www.eleate.com\/boutique-en-ligne\/realisations\/equipement-des-arbitres-du-g1-du-systeme-dintercommunication\/\" target=\"_self\"  ><img loading=\"lazy\" decoding=\"async\" width=\"900\" height=\"563\" src=\"https:\/\/www.eleate.com\/boutique-en-ligne\/wp-content\/uploads\/2025\/06\/sport-g1.jpg\" class=\"attachment-post-thumbnail size-post-thumbnail wp-post-image\" alt=\"\u00c9quipement des arbitres du G1 du syst\u00e8me d\u2019intercommunication\" style=\"object-fit:cover;\" srcset=\"https:\/\/www.eleate.com\/boutique-en-ligne\/wp-content\/uploads\/2025\/06\/sport-g1.jpg 900w, https:\/\/www.eleate.com\/boutique-en-ligne\/wp-content\/uploads\/2025\/06\/sport-g1-300x188.jpg 300w, https:\/\/www.eleate.com\/boutique-en-ligne\/wp-content\/uploads\/2025\/06\/sport-g1-768x480.jpg 768w, https:\/\/www.eleate.com\/boutique-en-ligne\/wp-content\/uploads\/2025\/06\/sport-g1-416x260.jpg 416w\" sizes=\"auto, (max-width: 900px) 100vw, 900px\" \/><\/a><\/figure>\n\n<h2 class=\"wp-block-post-title\"><a href=\"https:\/\/www.eleate.com\/boutique-en-ligne\/realisations\/equipement-des-arbitres-du-g1-du-systeme-dintercommunication\/\" target=\"_self\" >\u00c9quipement des arbitres du G1 du syst\u00e8me d\u2019intercommunication<\/a><\/h2>\n<\/li><\/ul><\/div>\n<\/div>\n\n\n\n<div class=\"wp-block-column is-layout-flow wp-block-column-is-layout-flow\" style=\"flex-basis:50%\">\n<div class=\"wp-block-query is-layout-flow wp-block-query-is-layout-flow\"><ul class=\"wp-block-post-template is-layout-flow wp-block-post-template-is-layout-flow\"><li class=\"wp-block-post post-557 post type-post status-publish format-standard has-post-thumbnail hentry category-realisations category-sport\">\n<figure class=\"wp-block-post-featured-image\"><a href=\"https:\/\/www.eleate.com\/boutique-en-ligne\/realisations\/equipement-des-arbitres-de-rugby-pour-le-top14-et-la-prod2\/\" target=\"_self\"  ><img loading=\"lazy\" decoding=\"async\" width=\"900\" height=\"563\" src=\"https:\/\/www.eleate.com\/boutique-en-ligne\/wp-content\/uploads\/2025\/06\/sport-rebollal.jpg\" class=\"attachment-post-thumbnail size-post-thumbnail wp-post-image\" alt=\"\u00c9quipement des arbitres de rugby pour le TOP14 et la PROD2\" style=\"object-fit:cover;\" srcset=\"https:\/\/www.eleate.com\/boutique-en-ligne\/wp-content\/uploads\/2025\/06\/sport-rebollal.jpg 900w, https:\/\/www.eleate.com\/boutique-en-ligne\/wp-content\/uploads\/2025\/06\/sport-rebollal-300x188.jpg 300w, https:\/\/www.eleate.com\/boutique-en-ligne\/wp-content\/uploads\/2025\/06\/sport-rebollal-768x480.jpg 768w, https:\/\/www.eleate.com\/boutique-en-ligne\/wp-content\/uploads\/2025\/06\/sport-rebollal-416x260.jpg 416w\" sizes=\"auto, (max-width: 900px) 100vw, 900px\" \/><\/a><\/figure>\n\n<h2 class=\"wp-block-post-title\"><a href=\"https:\/\/www.eleate.com\/boutique-en-ligne\/realisations\/equipement-des-arbitres-de-rugby-pour-le-top14-et-la-prod2\/\" target=\"_self\" >\u00c9quipement des arbitres de rugby pour le TOP14 et la PROD2<\/a><\/h2>\n<\/li><li class=\"wp-block-post post-552 post type-post status-publish format-standard has-post-thumbnail hentry category-realisations category-sport\">\n<figure class=\"wp-block-post-featured-image\"><a href=\"https:\/\/www.eleate.com\/boutique-en-ligne\/realisations\/equipement-des-arbitres-lors-de-la-coupe-du-monde-de-rugby-realise-en-france\/\" target=\"_self\"  ><img loading=\"lazy\" decoding=\"async\" width=\"900\" height=\"563\" src=\"https:\/\/www.eleate.com\/boutique-en-ligne\/wp-content\/uploads\/2025\/06\/sport-stadium-2.jpg\" class=\"attachment-post-thumbnail size-post-thumbnail wp-post-image\" alt=\"\u00c9quipement des arbitres lors de la coupe du monde de rugby (r\u00e9alis\u00e9 en France)\" style=\"object-fit:cover;\" srcset=\"https:\/\/www.eleate.com\/boutique-en-ligne\/wp-content\/uploads\/2025\/06\/sport-stadium-2.jpg 900w, https:\/\/www.eleate.com\/boutique-en-ligne\/wp-content\/uploads\/2025\/06\/sport-stadium-2-300x188.jpg 300w, https:\/\/www.eleate.com\/boutique-en-ligne\/wp-content\/uploads\/2025\/06\/sport-stadium-2-768x480.jpg 768w, https:\/\/www.eleate.com\/boutique-en-ligne\/wp-content\/uploads\/2025\/06\/sport-stadium-2-416x260.jpg 416w\" sizes=\"auto, (max-width: 900px) 100vw, 900px\" \/><\/a><\/figure>\n\n<h2 class=\"wp-block-post-title\"><a href=\"https:\/\/www.eleate.com\/boutique-en-ligne\/realisations\/equipement-des-arbitres-lors-de-la-coupe-du-monde-de-rugby-realise-en-france\/\" target=\"_self\" >\u00c9quipement des arbitres lors de la coupe du monde de rugby (r\u00e9alis\u00e9 en France)<\/a><\/h2>\n<\/li><\/ul><\/div>\n<\/div>\n<\/div>\n<\/div><\/div>\n","protected":false},"excerpt":{"rendered":"<p>ELEATE est une soci\u00e9t\u00e9 de prestations de services sp\u00e9cialis\u00e9e dans les technologies de production et de diffusion num\u00e9riques ou analogiques. Nos domaines d&rsquo;activit\u00e9s sont les suivants : le sport, le spectacle, la radio FM et la diffusion hertzienne num\u00e9rique, la distribution de produits num\u00e9riques d&rsquo;intercom HF.<\/p>\n","protected":false},"author":1,"featured_media":0,"parent":0,"menu_order":0,"comment_status":"closed","ping_status":"closed","template":"","meta":{"footnotes":""},"folder":[],"class_list":["post-539","page","type-page","status-publish","hentry"],"yoast_head":"<!-- This site is optimized with the Yoast SEO plugin v27.4 - https:\/\/yoast.com\/product\/yoast-seo-wordpress\/ -->\n<title>Nos r\u00e9alisations - Eleate Boutique<\/title>\n<meta name=\"robots\" content=\"index, follow, max-snippet:-1, max-image-preview:large, max-video-preview:-1\" \/>\n<link rel=\"canonical\" href=\"https:\/\/www.eleate.com\/boutique-en-ligne\/nos-realisations\/\" \/>\n<meta property=\"og:locale\" content=\"fr_FR\" \/>\n<meta property=\"og:type\" content=\"article\" \/>\n<meta property=\"og:title\" content=\"Nos r\u00e9alisations - Eleate Boutique\" \/>\n<meta property=\"og:description\" content=\"ELEATE est une soci\u00e9t\u00e9 de prestations de services sp\u00e9cialis\u00e9e dans les technologies de production et de diffusion num\u00e9riques ou analogiques. Nos domaines d&rsquo;activit\u00e9s sont les suivants : le sport, le spectacle, la radio FM et la diffusion hertzienne num\u00e9rique, la distribution de produits num\u00e9riques d&rsquo;intercom HF.\" \/>\n<meta property=\"og:url\" content=\"https:\/\/www.eleate.com\/boutique-en-ligne\/nos-realisations\/\" \/>\n<meta property=\"og:site_name\" content=\"Eleate Boutique\" \/>\n<meta property=\"article:modified_time\" content=\"2025-07-08T09:45:52+00:00\" \/>\n<meta name=\"twitter:card\" content=\"summary_large_image\" \/>\n<meta name=\"twitter:label1\" content=\"Dur\u00e9e de lecture estim\u00e9e\" \/>\n\t<meta name=\"twitter:data1\" content=\"1 minute\" \/>\n<script type=\"application\/ld+json\" class=\"yoast-schema-graph\">{\"@context\":\"https:\\\/\\\/schema.org\",\"@graph\":[{\"@type\":\"WebPage\",\"@id\":\"https:\\\/\\\/www.eleate.com\\\/boutique-en-ligne\\\/nos-realisations\\\/\",\"url\":\"https:\\\/\\\/www.eleate.com\\\/boutique-en-ligne\\\/nos-realisations\\\/\",\"name\":\"Nos r\u00e9alisations - Eleate Boutique\",\"isPartOf\":{\"@id\":\"https:\\\/\\\/www.eleate.com\\\/boutique-en-ligne\\\/#website\"},\"datePublished\":\"2025-06-26T16:59:09+00:00\",\"dateModified\":\"2025-07-08T09:45:52+00:00\",\"breadcrumb\":{\"@id\":\"https:\\\/\\\/www.eleate.com\\\/boutique-en-ligne\\\/nos-realisations\\\/#breadcrumb\"},\"inLanguage\":\"fr-FR\",\"potentialAction\":[{\"@type\":\"ReadAction\",\"target\":[\"https:\\\/\\\/www.eleate.com\\\/boutique-en-ligne\\\/nos-realisations\\\/\"]}]},{\"@type\":\"BreadcrumbList\",\"@id\":\"https:\\\/\\\/www.eleate.com\\\/boutique-en-ligne\\\/nos-realisations\\\/#breadcrumb\",\"itemListElement\":[{\"@type\":\"ListItem\",\"position\":1,\"name\":\"Home\",\"item\":\"https:\\\/\\\/www.eleate.com\\\/boutique-en-ligne\\\/\"},{\"@type\":\"ListItem\",\"position\":2,\"name\":\"Nos r\u00e9alisations\"}]},{\"@type\":\"WebSite\",\"@id\":\"https:\\\/\\\/www.eleate.com\\\/boutique-en-ligne\\\/#website\",\"url\":\"https:\\\/\\\/www.eleate.com\\\/boutique-en-ligne\\\/\",\"name\":\"Eleate Boutique\",\"description\":\"Prestations technique et t\u00e9l\u00e9phonique pour tous vos \u00e9v\u00e8nements, et ce sur l&#039;ensemble de la France m\u00e9tropolitaine.\",\"publisher\":{\"@id\":\"https:\\\/\\\/www.eleate.com\\\/boutique-en-ligne\\\/#organization\"},\"potentialAction\":[{\"@type\":\"SearchAction\",\"target\":{\"@type\":\"EntryPoint\",\"urlTemplate\":\"https:\\\/\\\/www.eleate.com\\\/boutique-en-ligne\\\/?s={search_term_string}\"},\"query-input\":{\"@type\":\"PropertyValueSpecification\",\"valueRequired\":true,\"valueName\":\"search_term_string\"}}],\"inLanguage\":\"fr-FR\"},{\"@type\":\"Organization\",\"@id\":\"https:\\\/\\\/www.eleate.com\\\/boutique-en-ligne\\\/#organization\",\"name\":\"Eleate Boutique\",\"url\":\"https:\\\/\\\/www.eleate.com\\\/boutique-en-ligne\\\/\",\"logo\":{\"@type\":\"ImageObject\",\"inLanguage\":\"fr-FR\",\"@id\":\"https:\\\/\\\/www.eleate.com\\\/boutique-en-ligne\\\/#\\\/schema\\\/logo\\\/image\\\/\",\"url\":\"https:\\\/\\\/www.eleate.com\\\/boutique-en-ligne\\\/wp-content\\\/uploads\\\/2020\\\/12\\\/cropped-eleate.png\",\"contentUrl\":\"https:\\\/\\\/www.eleate.com\\\/boutique-en-ligne\\\/wp-content\\\/uploads\\\/2020\\\/12\\\/cropped-eleate.png\",\"width\":186,\"height\":34,\"caption\":\"Eleate Boutique\"},\"image\":{\"@id\":\"https:\\\/\\\/www.eleate.com\\\/boutique-en-ligne\\\/#\\\/schema\\\/logo\\\/image\\\/\"}}]}<\/script>\n<!-- \/ Yoast SEO plugin. -->","yoast_head_json":{"title":"Nos r\u00e9alisations - Eleate Boutique","robots":{"index":"index","follow":"follow","max-snippet":"max-snippet:-1","max-image-preview":"max-image-preview:large","max-video-preview":"max-video-preview:-1"},"canonical":"https:\/\/www.eleate.com\/boutique-en-ligne\/nos-realisations\/","og_locale":"fr_FR","og_type":"article","og_title":"Nos r\u00e9alisations - Eleate Boutique","og_description":"ELEATE est une soci\u00e9t\u00e9 de prestations de services sp\u00e9cialis\u00e9e dans les technologies de production et de diffusion num\u00e9riques ou analogiques. Nos domaines d&rsquo;activit\u00e9s sont les suivants : le sport, le spectacle, la radio FM et la diffusion hertzienne num\u00e9rique, la distribution de produits num\u00e9riques d&rsquo;intercom HF.","og_url":"https:\/\/www.eleate.com\/boutique-en-ligne\/nos-realisations\/","og_site_name":"Eleate Boutique","article_modified_time":"2025-07-08T09:45:52+00:00","twitter_card":"summary_large_image","twitter_misc":{"Dur\u00e9e de lecture estim\u00e9e":"1 minute"},"schema":{"@context":"https:\/\/schema.org","@graph":[{"@type":"WebPage","@id":"https:\/\/www.eleate.com\/boutique-en-ligne\/nos-realisations\/","url":"https:\/\/www.eleate.com\/boutique-en-ligne\/nos-realisations\/","name":"Nos r\u00e9alisations - Eleate Boutique","isPartOf":{"@id":"https:\/\/www.eleate.com\/boutique-en-ligne\/#website"},"datePublished":"2025-06-26T16:59:09+00:00","dateModified":"2025-07-08T09:45:52+00:00","breadcrumb":{"@id":"https:\/\/www.eleate.com\/boutique-en-ligne\/nos-realisations\/#breadcrumb"},"inLanguage":"fr-FR","potentialAction":[{"@type":"ReadAction","target":["https:\/\/www.eleate.com\/boutique-en-ligne\/nos-realisations\/"]}]},{"@type":"BreadcrumbList","@id":"https:\/\/www.eleate.com\/boutique-en-ligne\/nos-realisations\/#breadcrumb","itemListElement":[{"@type":"ListItem","position":1,"name":"Home","item":"https:\/\/www.eleate.com\/boutique-en-ligne\/"},{"@type":"ListItem","position":2,"name":"Nos r\u00e9alisations"}]},{"@type":"WebSite","@id":"https:\/\/www.eleate.com\/boutique-en-ligne\/#website","url":"https:\/\/www.eleate.com\/boutique-en-ligne\/","name":"Eleate Boutique","description":"Prestations technique et t\u00e9l\u00e9phonique pour tous vos \u00e9v\u00e8nements, et ce sur l&#039;ensemble de la France m\u00e9tropolitaine.","publisher":{"@id":"https:\/\/www.eleate.com\/boutique-en-ligne\/#organization"},"potentialAction":[{"@type":"SearchAction","target":{"@type":"EntryPoint","urlTemplate":"https:\/\/www.eleate.com\/boutique-en-ligne\/?s={search_term_string}"},"query-input":{"@type":"PropertyValueSpecification","valueRequired":true,"valueName":"search_term_string"}}],"inLanguage":"fr-FR"},{"@type":"Organization","@id":"https:\/\/www.eleate.com\/boutique-en-ligne\/#organization","name":"Eleate Boutique","url":"https:\/\/www.eleate.com\/boutique-en-ligne\/","logo":{"@type":"ImageObject","inLanguage":"fr-FR","@id":"https:\/\/www.eleate.com\/boutique-en-ligne\/#\/schema\/logo\/image\/","url":"https:\/\/www.eleate.com\/boutique-en-ligne\/wp-content\/uploads\/2020\/12\/cropped-eleate.png","contentUrl":"https:\/\/www.eleate.com\/boutique-en-ligne\/wp-content\/uploads\/2020\/12\/cropped-eleate.png","width":186,"height":34,"caption":"Eleate Boutique"},"image":{"@id":"https:\/\/www.eleate.com\/boutique-en-ligne\/#\/schema\/logo\/image\/"}}]}},"jetpack_sharing_enabled":true,"_links":{"self":[{"href":"https:\/\/www.eleate.com\/boutique-en-ligne\/wp-json\/wp\/v2\/pages\/539","targetHints":{"allow":["GET"]}}],"collection":[{"href":"https:\/\/www.eleate.com\/boutique-en-ligne\/wp-json\/wp\/v2\/pages"}],"about":[{"href":"https:\/\/www.eleate.com\/boutique-en-ligne\/wp-json\/wp\/v2\/types\/page"}],"author":[{"embeddable":true,"href":"https:\/\/www.eleate.com\/boutique-en-ligne\/wp-json\/wp\/v2\/users\/1"}],"replies":[{"embeddable":true,"href":"https:\/\/www.eleate.com\/boutique-en-ligne\/wp-json\/wp\/v2\/comments?post=539"}],"version-history":[{"count":9,"href":"https:\/\/www.eleate.com\/boutique-en-ligne\/wp-json\/wp\/v2\/pages\/539\/revisions"}],"predecessor-version":[{"id":609,"href":"https:\/\/www.eleate.com\/boutique-en-ligne\/wp-json\/wp\/v2\/pages\/539\/revisions\/609"}],"wp:attachment":[{"href":"https:\/\/www.eleate.com\/boutique-en-ligne\/wp-json\/wp\/v2\/media?parent=539"}],"wp:term":[{"taxonomy":"folder","embeddable":true,"href":"https:\/\/www.eleate.com\/boutique-en-ligne\/wp-json\/wp\/v2\/folder?post=539"}],"curies":[{"name":"wp","href":"https:\/\/api.w.org\/{rel}","templated":true}]}}