{"id":3,"date":"2020-12-16T11:19:06","date_gmt":"2020-12-16T11:19:06","guid":{"rendered":"https:\/\/www.eleate.com\/boutique\/?page_id=3"},"modified":"2021-04-07T15:11:17","modified_gmt":"2021-04-07T15:11:17","slug":"privacy-policy","status":"publish","type":"page","link":"https:\/\/www.eleate.com\/boutique-en-ligne\/privacy-policy\/","title":{"rendered":"Mentions L\u00e9gales"},"content":{"rendered":"\n<h2 class=\"wp-block-heading\">Identit\u00e9<\/h2>\n\n\n\n<p>Nom du site web : Eleate<br>Adresse : https:\/\/www.eleate.com<br>Propri\u00e9taire : Eleate<br>Responsable de publication : Philippe Wargnier<\/p>\n\n\n\n<p>Conception et r\u00e9alisation : Philippe Wargnier et Adrien Wargnier<br>H\u00e9bergement : Hostinger<\/p>\n\n\n\n<h2 class=\"wp-block-heading\">Conditions d\u2019utilisation<\/h2>\n\n\n\n<p>Conform\u00e9ment aux dispositions des Articles 6-III et 19 de la Loi n\u00b02004-575 du 21 juin 2004 pour la<br>Confiance dans l\u2019\u00e9conomie num\u00e9rique, dite L.C.E.N., il est port\u00e9 \u00e0 la connaissance des Utilisateurs du<br>site Eleate les pr\u00e9sentes mentions l\u00e9gales.<br>La connexion et la navigation sur le site (indiquer le nom du site) par l\u2019Utilisateur implique acceptation<br>int\u00e9grale et sans r\u00e9serve des pr\u00e9sentes mentions l\u00e9gales.<br>Ces derni\u00e8res sont accessibles sur le site \u00e0 la rubrique \u00ab Mentions l\u00e9gales \u00bb.<\/p>\n\n\n\n<h2 class=\"wp-block-heading\">Informations<\/h2>\n\n\n\n<p>Les informations et documents du site sont pr\u00e9sent\u00e9s \u00e0 titre indicatif, n\u2019ont pas de caract\u00e8re exhaustif, et ne peuvent engager la responsabilit\u00e9 du propri\u00e9taire du site.<\/p>\n\n\n\n<p>Le propri\u00e9taire du site ne peut \u00eatre tenu responsable des dommages directs et indirects cons\u00e9cutifs \u00e0 l\u2019acc\u00e8s au site.<\/p>\n\n\n\n<h2 class=\"wp-block-heading\">Interactivit\u00e9<\/h2>\n\n\n\n<p>Les utilisateurs du site peuvent y d\u00e9poser du contenu, apparaissant sur le site dans des espaces d\u00e9di\u00e9s (notamment via les commentaires). Le contenu d\u00e9pos\u00e9 reste sous la responsabilit\u00e9 de leurs auteurs, qui en assument pleinement l\u2019enti\u00e8re responsabilit\u00e9 juridique.<\/p>\n\n\n\n<p>Le propri\u00e9taire du site se r\u00e9serve n\u00e9anmoins le droit de retirer sans pr\u00e9avis et sans justification tout contenu d\u00e9pos\u00e9 par les utilisateurs qui ne satisferait pas \u00e0 la charte d\u00e9ontologique du site ou \u00e0 la l\u00e9gislation en vigueur.<\/p>\n\n\n\n<h2 class=\"wp-block-heading\">Propri\u00e9t\u00e9 intellectuelle<\/h2>\n\n\n\n<p>Sauf mention contraire, tous les \u00e9l\u00e9ments accessibles sur le site (textes, images, graphismes, logo, ic\u00f4nes, sons, logiciels, etc.) restent la propri\u00e9t\u00e9 exclusive de leurs auteurs, en ce qui concerne les droits de propri\u00e9t\u00e9 intellectuelle ou les droits d\u2019usage.&nbsp;<sup><a href=\"https:\/\/www.webexpress.fr\/actualite\/focus\/modele-de-mentions-legales-complet-et-gratuit\/#fn-7013-1\">1<\/a><\/sup><\/p>\n\n\n\n<p>Toute reproduction, repr\u00e9sentation, modification, publication, adaptation de tout ou partie des \u00e9l\u00e9ments du site, quel que soit le moyen ou le proc\u00e9d\u00e9 utilis\u00e9, est interdite, sauf autorisation \u00e9crite pr\u00e9alable de l\u2019auteur.<sup><a href=\"https:\/\/www.webexpress.fr\/actualite\/focus\/modele-de-mentions-legales-complet-et-gratuit\/#fn-7013-2\">2<\/a><\/sup><sup><a href=\"https:\/\/www.webexpress.fr\/actualite\/focus\/modele-de-mentions-legales-complet-et-gratuit\/#fn-7013-3\">3<\/a><\/sup><\/p>\n\n\n\n<p>Toute exploitation non autoris\u00e9e du site ou de l\u2019un quelconque des \u00e9l\u00e9ments qu\u2019il contient est consid\u00e9r\u00e9e comme constitutive d\u2019une contrefa\u00e7on et poursuivie.&nbsp;<sup><a href=\"https:\/\/www.webexpress.fr\/actualite\/focus\/modele-de-mentions-legales-complet-et-gratuit\/#fn-7013-9\">4<\/a><\/sup><\/p>\n\n\n\n<p>Les marques et logos reproduits sur le site sont d\u00e9pos\u00e9s par les soci\u00e9t\u00e9s qui en sont propri\u00e9taires.<\/p>\n\n\n\n<h2 class=\"wp-block-heading\">Liens<\/h2>\n\n\n\n<p><strong>Liens sortants<\/strong><br>Le propri\u00e9taire du site d\u00e9cline toute responsabilit\u00e9 et n\u2019est pas engag\u00e9 par le r\u00e9f\u00e9rencement via des liens hypertextes, de ressources tierces pr\u00e9sentes sur le r\u00e9seau Internet, tant en ce qui concerne leur contenu que leur pertinence.<\/p>\n\n\n\n<p><strong>Liens entrants<\/strong><br>Le propri\u00e9taire du site autorise les liens hypertextes vers l\u2019une des pages de ce site, \u00e0 condition que ceux-ci ouvrent une nouvelle fen\u00eatre et soient pr\u00e9sent\u00e9s de mani\u00e8re non \u00e9quivoque afin d\u2019\u00e9viter :<\/p>\n\n\n\n<ul class=\"wp-block-list\"><li>tout risque de confusion entre le site citant et le propri\u00e9taire du site<\/li><li>ainsi que toute pr\u00e9sentation tendancieuse, ou contraire aux lois en vigueur.<\/li><\/ul>\n\n\n\n<p>Le propri\u00e9taire du site se r\u00e9serve le droit de demander la suppression d\u2019un lien s\u2019il estime que le site source ne respecte pas les r\u00e8gles ainsi d\u00e9finies.<\/p>\n\n\n\n<h2 class=\"wp-block-heading\">Confidentialit\u00e9<\/h2>\n\n\n\n<p>Tout utilisateur dispose d\u2019un droit d\u2019acc\u00e8s, de rectification et d\u2019opposition aux donn\u00e9es personnelles le concernant, en effectuant sa demande \u00e9crite et sign\u00e9e, accompagn\u00e9e d\u2019une preuve d\u2019identit\u00e9.&nbsp;<sup><a href=\"https:\/\/www.webexpress.fr\/actualite\/focus\/modele-de-mentions-legales-complet-et-gratuit\/#fn-7013-5\">5<\/a><\/sup><sup><a href=\"https:\/\/www.webexpress.fr\/actualite\/focus\/modele-de-mentions-legales-complet-et-gratuit\/#fn-7013-7\">6<\/a><\/sup><sup><a href=\"https:\/\/www.webexpress.fr\/actualite\/focus\/modele-de-mentions-legales-complet-et-gratuit\/#fn-7013-8\">7<\/a><\/sup><sup><a href=\"https:\/\/www.webexpress.fr\/actualite\/focus\/modele-de-mentions-legales-complet-et-gratuit\/#fn-7013-6\">8<\/a><\/sup><\/p>\n\n\n\n<p>Le site ne recueille pas d\u2019informations personnelles, et n\u2019est pas assujetti \u00e0 d\u00e9claration \u00e0 la CNIL.&nbsp;<sup><a href=\"https:\/\/www.webexpress.fr\/actualite\/focus\/modele-de-mentions-legales-complet-et-gratuit\/#fn-7013-4\">9<\/a><\/sup><\/p>\n\n\n\n<h2 class=\"wp-block-heading\">R\u00e9cuperation et protection des donn\u00e9es<\/h2>\n\n\n\n<h3 class=\"wp-block-heading\">Cookies<\/h3>\n\n\n\n<p>L\u2019Utilisateur est inform\u00e9 que lors de ses visites sur le site, un cookie peut s\u2019installer automatiquement sur son logiciel de navigation.<br>En naviguant sur le site, il les accepte.<br>Un cookie est un \u00e9l\u00e9ment qui ne permet pas d\u2019identifier l\u2019Utilisateur mais sert \u00e0 enregistrer des informations relatives \u00e0 la navigation de celui-ci sur le site Internet. L\u2019Utilisateur pourra d\u00e9sactiver ce cookie par l\u2019interm\u00e9diaire des param\u00e8tres figurant au sein de son logiciel de navigation.<\/p>\n\n\n\n<h3 class=\"wp-block-heading\">Commentaires et revues<\/h3>\n\n\n\n<p>Lorsque les visiteurs laissent des commentaires sur le site, nous recueillons les donn\u00e9es affich\u00e9es dans le formulaire de commentaires, ainsi que l&rsquo;adresse IP du visiteur et la cha\u00eene de l&rsquo;agent utilisateur du navigateur pour aider \u00e0 la d\u00e9tection du spam.<\/p>\n\n\n\n<p>Une cha\u00eene anonyme cr\u00e9\u00e9e \u00e0 partir de votre adresse e-mail (\u00e9galement appel\u00e9e hachage) peut \u00eatre fournie au service Gravatar pour voir si vous l&rsquo;utilisez. La politique de confidentialit\u00e9 du service Gravatar est disponible ici: https:\/\/automattic.com\/privacy\/. Apr\u00e8s approbation de votre commentaire, votre photo de profil est visible par le public dans le contexte de votre commentaire.<\/p>\n\n\n\n<h3 class=\"wp-block-heading\">M\u00e9dias<\/h3>\n\n\n\n<p>Si vous t\u00e9l\u00e9chargez des images sur le site Web, vous devez \u00e9viter de t\u00e9l\u00e9charger des images avec des donn\u00e9es de localisation int\u00e9gr\u00e9es (EXIF GPS) incluses. Les visiteurs du site Web peuvent t\u00e9l\u00e9charger et extraire toutes les donn\u00e9es de localisation des images du site Web.<\/p>\n\n\n\n<h3 class=\"wp-block-heading\">Formulaires de contact<\/h3>\n\n\n\n<p>Si vous laissez un commentaire sur notre site, vous pouvez choisir d&rsquo;enregistrer votre nom, votre adresse e-mail et votre site Web dans les cookies. Celles-ci sont pour votre commodit\u00e9 afin que vous n&rsquo;ayez pas \u00e0 remplir \u00e0 nouveau vos coordonn\u00e9es lorsque vous laissez un autre commentaire. Ces cookies dureront un an.<\/p>\n\n\n\n<p>Si vous visitez notre page de connexion, nous installerons un cookie temporaire pour d\u00e9terminer si votre navigateur accepte les cookies. Ce cookie ne contient aucune donn\u00e9e personnelle et est supprim\u00e9 lorsque vous fermez votre navigateur.<\/p>\n\n\n\n<p>Lorsque vous vous connectez, nous mettrons \u00e9galement en place plusieurs cookies pour enregistrer vos informations de connexion et vos choix d&rsquo;affichage \u00e0 l&rsquo;\u00e9cran. Les cookies de connexion durent deux jours et les cookies d&rsquo;options d&rsquo;\u00e9cran durent un an. Si vous s\u00e9lectionnez \u00ab\u00a0Se souvenir de moi\u00a0\u00bb, votre connexion persistera pendant deux semaines. Si vous vous d\u00e9connectez de votre compte, les cookies de connexion seront supprim\u00e9s.<\/p>\n\n\n\n<p>Si vous modifiez ou publiez un article, un cookie suppl\u00e9mentaire sera enregistr\u00e9 dans votre navigateur. Ce cookie ne contient aucune donn\u00e9e personnelle et indique simplement l&rsquo;ID de publication de l&rsquo;article que vous venez de modifier. Il expire apr\u00e8s 1 jour.<\/p>\n\n\n\n<h3 class=\"wp-block-heading\">Contenus int\u00e9gr\u00e9s \u00e0 partir d&rsquo;autres sites web<\/h3>\n\n\n\n<p>Les articles de ce site peuvent inclure du contenu int\u00e9gr\u00e9 (par exemple des vid\u00e9os, des images, des articles, etc.). Le contenu int\u00e9gr\u00e9 d&rsquo;autres sites Web se comporte exactement de la m\u00eame mani\u00e8re que si le visiteur avait visit\u00e9 l&rsquo;autre site Web.<\/p>\n\n\n\n<p>Ces sites Web peuvent collecter des donn\u00e9es \u00e0 votre sujet, utiliser des cookies, int\u00e9grer un suivi tiers suppl\u00e9mentaire et surveiller votre interaction avec ce contenu int\u00e9gr\u00e9, y compris le suivi de votre interaction avec le contenu int\u00e9gr\u00e9 si vous avez un compte et \u00eates connect\u00e9 \u00e0 ce site Web.<\/p>\n\n\n\n<h3 class=\"wp-block-heading\">Gestion des donn\u00e9es<\/h3>\n\n\n\n<p>Toutes les informations que vous aurez soumises sur le site sont conserv\u00e9es pendant une p\u00e9riode de trois ans suivant les exigences du RGPD. Or mis les informations importantes n\u00e9cessaires au bon fonctionnement du site et afin que vous puissiez conserver un bonne exp\u00e9rience en tant qu&rsquo;utilisateurs, tout autre donn\u00e9es non essentiels seront supprim\u00e9 au bout de ce d\u00e9lai.<\/p>\n\n\n\n<p>Pour les utilisateurs qui s&rsquo;inscrivent sur notre site Web (le cas \u00e9ch\u00e9ant), nous stockons \u00e9galement les informations personnelles qu&rsquo;ils fournissent dans leur profil d&rsquo;utilisateur. Tous les utilisateurs peuvent voir, modifier ou supprimer leurs informations personnelles \u00e0 tout moment (sauf qu&rsquo;ils ne peuvent pas changer leur nom d&rsquo;utilisateur). Les administrateurs du site Web peuvent \u00e9galement consulter et modifier ces informations.<\/p>\n\n\n\n<h3 class=\"wp-block-heading\">Quelles droits vous avez sur vos donn\u00e9es<\/h3>\n\n\n\n<p>Le site assure \u00e0 l&rsquo;Utilisateur une collecte et un traitement d&rsquo;informations personnelles dans le respect de la vie priv\u00e9e conform\u00e9ment \u00e0 la loi n\u00b078-17 du 6 janvier 1978 relative \u00e0 l&rsquo;informatique, aux fichiers et aux libert\u00e9s.<\/p>\n\n\n\n<p>En vertu de la loi Informatique et Libert\u00e9s, en date du 6 janvier 1978, l&rsquo;Utilisateur dispose d&rsquo;un droit d&rsquo;acc\u00e8s, de rectification, de suppression et d&rsquo;opposition de ses donn\u00e9es personnelles. L&rsquo;Utilisateur exerce ce droit par mail \u00e0 l&rsquo;adresse <a href=\"mailto:contact@eleate.com\">contact@eleate.com<\/a>.<\/p>\n\n\n\n<p>Si vous avez un compte sur ce site, ou avez laiss\u00e9 des commentaires, vous pouvez demander \u00e0 recevoir un fichier export\u00e9 des donn\u00e9es personnelles que nous d\u00e9tenons \u00e0 votre sujet, y compris les donn\u00e9es que vous nous avez fournies. Vous pouvez \u00e9galement demander que nous effacions toutes les donn\u00e9es personnelles que nous d\u00e9tenons \u00e0 votre sujet. Cela n&rsquo;inclut pas les donn\u00e9es que nous sommes oblig\u00e9s de conserver \u00e0 des fins administratives, juridiques ou de s\u00e9curit\u00e9.<\/p>\n\n\n\n<h3 class=\"wp-block-heading\">Informations sur l&rsquo;analyse et le traitement des donn\u00e9es<\/h3>\n\n\n\n<p>Eleate utilise un certain nombre de services externes. Vous trouverez ci-dessous des informations relatives au site et au services utilis\u00e9s dans l&rsquo;analyse et le traitement des donn\u00e9es. Conform\u00e9ment \u00e0 la l\u00e9gislation \u00e9tabli par la RGPD, les services non indispensables au bon fonctionnement du site seront d\u00e9sactiv\u00e9s si c&rsquo;est le choix que vous avez d\u00e9fini \u00e0 l&rsquo;ouverture du site.<\/p>\n\n\n\n<h4 class=\"wp-block-heading\">Inscription et authentification<\/h4>\n\n\n\n<p>En s&rsquo;inscrivant ou en s&rsquo;authentifiant, les utilisateurs autorisent ce site \u00e0 les identifier et \u00e0 leur donner acc\u00e8s \u00e0 des services sp\u00e9cifiques.<br>En fonction de ce qui est indiqu\u00e9 ci-dessous, des fournisseurs tiers peuvent fournir des services de connexion et d&rsquo;authentification. Dans ce cas, ce Site peut acc\u00e9der \u00e0 certaines donn\u00e9es stock\u00e9es par ces tiers \u00e0 des fins de connexion ou d&rsquo;identification.<\/p>\n\n\n\n<h4 class=\"wp-block-heading\">Google Analytics<\/h4>\n\n\n\n<p>Google Analytics est un service d&rsquo;analyse Web fourni par Google Ireland Limited (\u00abGoogle\u00bb). Google utilise les donn\u00e9es collect\u00e9es pour suivre et \u00e9tudier la mani\u00e8re dont ce site Web est utilis\u00e9, pour compiler des rapports sur ses activit\u00e9s et pour partager ces informations avec d&rsquo;autres services Google.<br>Google peut utiliser les donn\u00e9es collect\u00e9es pour contextualiser et personnaliser les publicit\u00e9s dans son propre r\u00e9seau publicitaire.<\/p>\n\n\n\n<p>Donn\u00e9es personnelles trait\u00e9es: Cookie; Donn\u00e9es d&rsquo;utilisation; Lieu de traitement: Irlande &#8211; <a href=\"https:\/\/policies.google.com\/privacy\">Mentions l\u00e9gales<\/a>\u2013 D\u00e9sinscription.<\/p>\n\n\n\n<h4 class=\"wp-block-heading\">WordPress.com (Automattic Inc.)<\/h4>\n\n\n\n<p>WordPress.com est une plate-forme fournie par Automattic Inc. qui permet au propri\u00e9taire de cr\u00e9er, d&rsquo;h\u00e9berger et d&rsquo;exploiter ce site Web.<\/p>\n\n\n\n<p>Informations personnelles trait\u00e9es: divers types de donn\u00e9es tels que d\u00e9crits dans la politique de confidentialit\u00e9 du service. Lieu de traitement: United States \u2013\u00a0<a href=\"https:\/\/automattic.com\/privacy\/\">Privacy Policy<\/a>.<\/p>\n\n\n\n<h2 class=\"wp-block-heading\">Cr\u00e9dits<\/h2>\n\n\n\n<p>Tous le contenu visible sur le site est la propri\u00e9t\u00e9 de Eleate ainsi que Vokkero pour les images des produits visible dans notre boutique.<\/p>\n","protected":false},"excerpt":{"rendered":"<p>Identit\u00e9 Nom du site web : EleateAdresse : https:\/\/www.eleate.comPropri\u00e9taire : EleateResponsable de publication : Philippe Wargnier Conception et r\u00e9alisation : Philippe Wargnier et Adrien WargnierH\u00e9bergement : Hostinger Conditions d\u2019utilisation Conform\u00e9ment aux dispositions des Articles 6-III et 19 de la Loi n\u00b02004-575 du 21 juin 2004 pour laConfiance dans l\u2019\u00e9conomie num\u00e9rique, dite L.C.E.N., il est port\u00e9 [&hellip;]<\/p>\n","protected":false},"author":1,"featured_media":0,"parent":0,"menu_order":0,"comment_status":"closed","ping_status":"open","template":"","meta":{"footnotes":""},"folder":[],"class_list":["post-3","page","type-page","status-publish","hentry"],"yoast_head":"<!-- This site is optimized with the Yoast SEO plugin v27.4 - https:\/\/yoast.com\/product\/yoast-seo-wordpress\/ -->\n<title>Mentions L\u00e9gales - Eleate Boutique<\/title>\n<meta name=\"robots\" content=\"index, follow, max-snippet:-1, max-image-preview:large, max-video-preview:-1\" \/>\n<link rel=\"canonical\" href=\"https:\/\/www.eleate.com\/boutique-en-ligne\/privacy-policy\/\" \/>\n<meta property=\"og:locale\" content=\"fr_FR\" \/>\n<meta property=\"og:type\" content=\"article\" \/>\n<meta property=\"og:title\" content=\"Mentions L\u00e9gales - Eleate Boutique\" \/>\n<meta property=\"og:description\" content=\"Identit\u00e9 Nom du site web : EleateAdresse : https:\/\/www.eleate.comPropri\u00e9taire : EleateResponsable de publication : Philippe Wargnier Conception et r\u00e9alisation : Philippe Wargnier et Adrien WargnierH\u00e9bergement : Hostinger Conditions d\u2019utilisation Conform\u00e9ment aux dispositions des Articles 6-III et 19 de la Loi n\u00b02004-575 du 21 juin 2004 pour laConfiance dans l\u2019\u00e9conomie num\u00e9rique, dite L.C.E.N., il est port\u00e9 [&hellip;]\" \/>\n<meta property=\"og:url\" content=\"https:\/\/www.eleate.com\/boutique-en-ligne\/privacy-policy\/\" \/>\n<meta property=\"og:site_name\" content=\"Eleate Boutique\" \/>\n<meta property=\"article:modified_time\" content=\"2021-04-07T15:11:17+00:00\" \/>\n<meta name=\"twitter:card\" content=\"summary_large_image\" \/>\n<meta name=\"twitter:label1\" content=\"Dur\u00e9e de lecture estim\u00e9e\" \/>\n\t<meta name=\"twitter:data1\" content=\"9 minutes\" \/>\n<script type=\"application\/ld+json\" class=\"yoast-schema-graph\">{\"@context\":\"https:\\\/\\\/schema.org\",\"@graph\":[{\"@type\":\"WebPage\",\"@id\":\"https:\\\/\\\/www.eleate.com\\\/boutique-en-ligne\\\/privacy-policy\\\/\",\"url\":\"https:\\\/\\\/www.eleate.com\\\/boutique-en-ligne\\\/privacy-policy\\\/\",\"name\":\"Mentions L\u00e9gales - Eleate Boutique\",\"isPartOf\":{\"@id\":\"https:\\\/\\\/www.eleate.com\\\/boutique-en-ligne\\\/#website\"},\"datePublished\":\"2020-12-16T11:19:06+00:00\",\"dateModified\":\"2021-04-07T15:11:17+00:00\",\"breadcrumb\":{\"@id\":\"https:\\\/\\\/www.eleate.com\\\/boutique-en-ligne\\\/privacy-policy\\\/#breadcrumb\"},\"inLanguage\":\"fr-FR\",\"potentialAction\":[{\"@type\":\"ReadAction\",\"target\":[\"https:\\\/\\\/www.eleate.com\\\/boutique-en-ligne\\\/privacy-policy\\\/\"]}]},{\"@type\":\"BreadcrumbList\",\"@id\":\"https:\\\/\\\/www.eleate.com\\\/boutique-en-ligne\\\/privacy-policy\\\/#breadcrumb\",\"itemListElement\":[{\"@type\":\"ListItem\",\"position\":1,\"name\":\"Home\",\"item\":\"https:\\\/\\\/www.eleate.com\\\/boutique-en-ligne\\\/\"},{\"@type\":\"ListItem\",\"position\":2,\"name\":\"Mentions L\u00e9gales\"}]},{\"@type\":\"WebSite\",\"@id\":\"https:\\\/\\\/www.eleate.com\\\/boutique-en-ligne\\\/#website\",\"url\":\"https:\\\/\\\/www.eleate.com\\\/boutique-en-ligne\\\/\",\"name\":\"Eleate Boutique\",\"description\":\"Prestations technique et t\u00e9l\u00e9phonique pour tous vos \u00e9v\u00e8nements, et ce sur l&#039;ensemble de la France m\u00e9tropolitaine.\",\"publisher\":{\"@id\":\"https:\\\/\\\/www.eleate.com\\\/boutique-en-ligne\\\/#organization\"},\"potentialAction\":[{\"@type\":\"SearchAction\",\"target\":{\"@type\":\"EntryPoint\",\"urlTemplate\":\"https:\\\/\\\/www.eleate.com\\\/boutique-en-ligne\\\/?s={search_term_string}\"},\"query-input\":{\"@type\":\"PropertyValueSpecification\",\"valueRequired\":true,\"valueName\":\"search_term_string\"}}],\"inLanguage\":\"fr-FR\"},{\"@type\":\"Organization\",\"@id\":\"https:\\\/\\\/www.eleate.com\\\/boutique-en-ligne\\\/#organization\",\"name\":\"Eleate Boutique\",\"url\":\"https:\\\/\\\/www.eleate.com\\\/boutique-en-ligne\\\/\",\"logo\":{\"@type\":\"ImageObject\",\"inLanguage\":\"fr-FR\",\"@id\":\"https:\\\/\\\/www.eleate.com\\\/boutique-en-ligne\\\/#\\\/schema\\\/logo\\\/image\\\/\",\"url\":\"https:\\\/\\\/www.eleate.com\\\/boutique-en-ligne\\\/wp-content\\\/uploads\\\/2020\\\/12\\\/cropped-eleate.png\",\"contentUrl\":\"https:\\\/\\\/www.eleate.com\\\/boutique-en-ligne\\\/wp-content\\\/uploads\\\/2020\\\/12\\\/cropped-eleate.png\",\"width\":186,\"height\":34,\"caption\":\"Eleate Boutique\"},\"image\":{\"@id\":\"https:\\\/\\\/www.eleate.com\\\/boutique-en-ligne\\\/#\\\/schema\\\/logo\\\/image\\\/\"}}]}<\/script>\n<!-- \/ Yoast SEO plugin. -->","yoast_head_json":{"title":"Mentions L\u00e9gales - Eleate Boutique","robots":{"index":"index","follow":"follow","max-snippet":"max-snippet:-1","max-image-preview":"max-image-preview:large","max-video-preview":"max-video-preview:-1"},"canonical":"https:\/\/www.eleate.com\/boutique-en-ligne\/privacy-policy\/","og_locale":"fr_FR","og_type":"article","og_title":"Mentions L\u00e9gales - Eleate Boutique","og_description":"Identit\u00e9 Nom du site web : EleateAdresse : https:\/\/www.eleate.comPropri\u00e9taire : EleateResponsable de publication : Philippe Wargnier Conception et r\u00e9alisation : Philippe Wargnier et Adrien WargnierH\u00e9bergement : Hostinger Conditions d\u2019utilisation Conform\u00e9ment aux dispositions des Articles 6-III et 19 de la Loi n\u00b02004-575 du 21 juin 2004 pour laConfiance dans l\u2019\u00e9conomie num\u00e9rique, dite L.C.E.N., il est port\u00e9 [&hellip;]","og_url":"https:\/\/www.eleate.com\/boutique-en-ligne\/privacy-policy\/","og_site_name":"Eleate Boutique","article_modified_time":"2021-04-07T15:11:17+00:00","twitter_card":"summary_large_image","twitter_misc":{"Dur\u00e9e de lecture estim\u00e9e":"9 minutes"},"schema":{"@context":"https:\/\/schema.org","@graph":[{"@type":"WebPage","@id":"https:\/\/www.eleate.com\/boutique-en-ligne\/privacy-policy\/","url":"https:\/\/www.eleate.com\/boutique-en-ligne\/privacy-policy\/","name":"Mentions L\u00e9gales - Eleate Boutique","isPartOf":{"@id":"https:\/\/www.eleate.com\/boutique-en-ligne\/#website"},"datePublished":"2020-12-16T11:19:06+00:00","dateModified":"2021-04-07T15:11:17+00:00","breadcrumb":{"@id":"https:\/\/www.eleate.com\/boutique-en-ligne\/privacy-policy\/#breadcrumb"},"inLanguage":"fr-FR","potentialAction":[{"@type":"ReadAction","target":["https:\/\/www.eleate.com\/boutique-en-ligne\/privacy-policy\/"]}]},{"@type":"BreadcrumbList","@id":"https:\/\/www.eleate.com\/boutique-en-ligne\/privacy-policy\/#breadcrumb","itemListElement":[{"@type":"ListItem","position":1,"name":"Home","item":"https:\/\/www.eleate.com\/boutique-en-ligne\/"},{"@type":"ListItem","position":2,"name":"Mentions L\u00e9gales"}]},{"@type":"WebSite","@id":"https:\/\/www.eleate.com\/boutique-en-ligne\/#website","url":"https:\/\/www.eleate.com\/boutique-en-ligne\/","name":"Eleate Boutique","description":"Prestations technique et t\u00e9l\u00e9phonique pour tous vos \u00e9v\u00e8nements, et ce sur l&#039;ensemble de la France m\u00e9tropolitaine.","publisher":{"@id":"https:\/\/www.eleate.com\/boutique-en-ligne\/#organization"},"potentialAction":[{"@type":"SearchAction","target":{"@type":"EntryPoint","urlTemplate":"https:\/\/www.eleate.com\/boutique-en-ligne\/?s={search_term_string}"},"query-input":{"@type":"PropertyValueSpecification","valueRequired":true,"valueName":"search_term_string"}}],"inLanguage":"fr-FR"},{"@type":"Organization","@id":"https:\/\/www.eleate.com\/boutique-en-ligne\/#organization","name":"Eleate Boutique","url":"https:\/\/www.eleate.com\/boutique-en-ligne\/","logo":{"@type":"ImageObject","inLanguage":"fr-FR","@id":"https:\/\/www.eleate.com\/boutique-en-ligne\/#\/schema\/logo\/image\/","url":"https:\/\/www.eleate.com\/boutique-en-ligne\/wp-content\/uploads\/2020\/12\/cropped-eleate.png","contentUrl":"https:\/\/www.eleate.com\/boutique-en-ligne\/wp-content\/uploads\/2020\/12\/cropped-eleate.png","width":186,"height":34,"caption":"Eleate Boutique"},"image":{"@id":"https:\/\/www.eleate.com\/boutique-en-ligne\/#\/schema\/logo\/image\/"}}]}},"jetpack_sharing_enabled":true,"_links":{"self":[{"href":"https:\/\/www.eleate.com\/boutique-en-ligne\/wp-json\/wp\/v2\/pages\/3","targetHints":{"allow":["GET"]}}],"collection":[{"href":"https:\/\/www.eleate.com\/boutique-en-ligne\/wp-json\/wp\/v2\/pages"}],"about":[{"href":"https:\/\/www.eleate.com\/boutique-en-ligne\/wp-json\/wp\/v2\/types\/page"}],"author":[{"embeddable":true,"href":"https:\/\/www.eleate.com\/boutique-en-ligne\/wp-json\/wp\/v2\/users\/1"}],"replies":[{"embeddable":true,"href":"https:\/\/www.eleate.com\/boutique-en-ligne\/wp-json\/wp\/v2\/comments?post=3"}],"version-history":[{"count":5,"href":"https:\/\/www.eleate.com\/boutique-en-ligne\/wp-json\/wp\/v2\/pages\/3\/revisions"}],"predecessor-version":[{"id":259,"href":"https:\/\/www.eleate.com\/boutique-en-ligne\/wp-json\/wp\/v2\/pages\/3\/revisions\/259"}],"wp:attachment":[{"href":"https:\/\/www.eleate.com\/boutique-en-ligne\/wp-json\/wp\/v2\/media?parent=3"}],"wp:term":[{"taxonomy":"folder","embeddable":true,"href":"https:\/\/www.eleate.com\/boutique-en-ligne\/wp-json\/wp\/v2\/folder?post=3"}],"curies":[{"name":"wp","href":"https:\/\/api.w.org\/{rel}","templated":true}]}}