{"id":268,"date":"2021-04-29T09:51:02","date_gmt":"2021-04-29T09:51:02","guid":{"rendered":"https:\/\/www.eleate.com\/boutique-en-ligne\/?page_id=268"},"modified":"2021-04-29T10:09:51","modified_gmt":"2021-04-29T10:09:51","slug":"plan-du-site","status":"publish","type":"page","link":"https:\/\/www.eleate.com\/boutique-en-ligne\/plan-du-site\/","title":{"rendered":"Plan du site"},"content":{"rendered":"\n<div class=\"wsp-container\"><h2 class=\"wsp-pages-title\">Pages<\/h2>\n<ul class=\"wsp-pages-list\">\n<li class=\"page_item page-item-6\"><a href=\"https:\/\/www.eleate.com\/boutique-en-ligne\/\">Boutique Eleate<\/a><\/li>\n<li class=\"page_item page-item-243\"><a href=\"https:\/\/www.eleate.com\/boutique-en-ligne\/conditions-generales-de-vente\/\">Conditions g\u00e9n\u00e9rales de vente<\/a><\/li>\n<li class=\"page_item page-item-396\"><a href=\"https:\/\/www.eleate.com\/boutique-en-ligne\/contact\/\">Contactez-nous<\/a><\/li>\n<li class=\"page_item page-item-629\"><a href=\"https:\/\/www.eleate.com\/boutique-en-ligne\/inscrivez-vous-a-notre-newsletter\/\">Inscrivez-vous \u00e0 notre newsletter<\/a><\/li>\n<li class=\"page_item page-item-3\"><a href=\"https:\/\/www.eleate.com\/boutique-en-ligne\/privacy-policy\/\">Mentions L\u00e9gales<\/a><\/li>\n<li class=\"page_item page-item-9\"><a href=\"https:\/\/www.eleate.com\/boutique-en-ligne\/my-account\/\">Mon compte<\/a><\/li>\n<li class=\"page_item page-item-539\"><a href=\"https:\/\/www.eleate.com\/boutique-en-ligne\/nos-realisations\/\">Nos r\u00e9alisations<\/a><\/li>\n<li class=\"page_item page-item-7\"><a href=\"https:\/\/www.eleate.com\/boutique-en-ligne\/cart\/\">Panier<\/a><\/li>\n<li class=\"page_item page-item-2\"><a href=\"https:\/\/www.eleate.com\/boutique-en-ligne\/partenaires\/\">Partenaire en mat\u00e9riel de communication de haute qualit\u00e9<\/a><\/li>\n<li class=\"page_item page-item-268\"><a href=\"https:\/\/www.eleate.com\/boutique-en-ligne\/plan-du-site\/\">Plan du site<\/a><\/li>\n<li class=\"page_item page-item-473\"><a href=\"https:\/\/www.eleate.com\/boutique-en-ligne\/produits-actuellement-en-promotion\/\">Produits actuellement en promotion<\/a><\/li>\n<li class=\"page_item page-item-8\"><a href=\"https:\/\/www.eleate.com\/boutique-en-ligne\/checkout\/\">Valider la commande<\/a><\/li>\n<\/ul>\n<h2 class=\"wsp-posts-title\">Articles par cat\u00e9gorie<\/h2>\n<ul class=\"wsp-posts-list\">\n\t<li><strong class=\"wsp-category-title\">Cat\u00e9gorie\u00a0: <a href=\"https:\/\/www.eleate.com\/boutique-en-ligne\/category\/realisations\/\">R\u00e9alisations<\/a><\/strong>\n<ul class=\"wsp-posts-list\">\t\t<li class=\"wsp-post\"><a href=\"https:\/\/www.eleate.com\/boutique-en-ligne\/realisations\/equipemment-des-arbitres-de-la-federation-francaise-de-handball\/\">\u00c9quipemment des arbitres de la F\u00e9d\u00e9ration Fran\u00e7aise de Handball<\/a><\/li>\n\t\t<li class=\"wsp-post\"><a href=\"https:\/\/www.eleate.com\/boutique-en-ligne\/realisations\/equipement-des-arbitres-du-g1-du-systeme-dintercommunication\/\">\u00c9quipement des arbitres du G1 du syst\u00e8me d\u2019intercommunication<\/a><\/li>\n\t\t<li class=\"wsp-post\"><a href=\"https:\/\/www.eleate.com\/boutique-en-ligne\/realisations\/equipement-des-arbitres-de-rugby-pour-le-top14-et-la-prod2\/\">\u00c9quipement des arbitres de rugby pour le TOP14 et la PROD2<\/a><\/li>\n\t\t<li class=\"wsp-post\"><a href=\"https:\/\/www.eleate.com\/boutique-en-ligne\/realisations\/equipement-des-arbitres-lors-de-la-coupe-du-monde-de-rugby-realise-en-france\/\">\u00c9quipement des arbitres lors de la coupe du monde de rugby (r\u00e9alis\u00e9 en France)<\/a><\/li>\n\t<li><strong class=\"wsp-category-title\">Cat\u00e9gorie\u00a0: <a href=\"https:\/\/www.eleate.com\/boutique-en-ligne\/category\/realisations\/radio\/\">Radio<\/a><\/strong>\n<ul class=\"wsp-posts-list\">\t\t<li class=\"wsp-post\"><a href=\"https:\/\/www.eleate.com\/boutique-en-ligne\/realisations\/numerisation-de-la-radio-vinci-autoroute\/\">Num\u00e9risation de la radio Vinci Autoroute<\/a><\/li>\n<\/ul><\/li>\n\t<li><strong class=\"wsp-category-title\">Cat\u00e9gorie\u00a0: <a href=\"https:\/\/www.eleate.com\/boutique-en-ligne\/category\/realisations\/sport\/\">Sport<\/a><\/strong>\n<\/li>\n<\/ul><\/li>\n<\/ul>\n<h2 class=\"wsp-products-title\">Produits<\/h2>\n<ul class=\"wsp-products-list\">\n<li><a href=\"https:\/\/www.eleate.com\/boutique-en-ligne\/product\/bouton-poussoir-professionnel\/\">Bouton poussoir professionnel<\/a><\/li>\n<li><a href=\"https:\/\/www.eleate.com\/boutique-en-ligne\/product\/micro-casque-standard-unity-oreille-gauche\/\">Micro-casque standard UNITY - oreille gauche<\/a><\/li>\n<li><a href=\"https:\/\/www.eleate.com\/boutique-en-ligne\/product\/micro-casque-standard-unity-oreille-droite\/\">Micro-casque standard UNITY - oreille droite<\/a><\/li>\n<li><a href=\"https:\/\/www.eleate.com\/boutique-en-ligne\/product\/micro-casque-haut-de-gamme-unity\/\">Micro-casque haut de gamme UNITY<\/a><\/li>\n<li><a href=\"https:\/\/www.eleate.com\/boutique-en-ligne\/product\/bouton-poussoir-pour-micro-casque-generique\/\">Bouton poussoir standard<\/a><\/li>\n<li><a href=\"https:\/\/www.eleate.com\/boutique-en-ligne\/product\/bonnettes-pour-micro-casque-phonak\/\">Bonnettes pour micro-casque PHONAK<\/a><\/li>\n<li><a href=\"https:\/\/www.eleate.com\/boutique-en-ligne\/product\/pochette-ceinture\/\">Pochette ceinture<\/a><\/li>\n<li><a href=\"https:\/\/www.eleate.com\/boutique-en-ligne\/product\/kit-vokkero-unity-4-utilisateurs\/\">Kit VOKKERO UNITY 4 utilisateurs<\/a><\/li>\n<li><a href=\"https:\/\/www.eleate.com\/boutique-en-ligne\/product\/kit-vokkero-unity-3-utilisateurs\/\">Kit VOKKERO UNITY 3 utilisateurs<\/a><\/li>\n<li><a href=\"https:\/\/www.eleate.com\/boutique-en-ligne\/product\/kit-vokkero-unity-2-utilisateurs\/\">Kit VOKKERO UNITY 2 utilisateurs<\/a><\/li>\n<li><a href=\"https:\/\/www.eleate.com\/boutique-en-ligne\/product\/__trashed-2\/\">Chargeur UNITY<\/a><\/li>\n<li><a href=\"https:\/\/www.eleate.com\/boutique-en-ligne\/product\/micro-cravate-de-haute-qualite-avec-oreillette-intra-auriculaire\/\">Micro-cravate avec oreillette intra-auriculaire GSTAFF<\/a><\/li>\n<li><a href=\"https:\/\/www.eleate.com\/boutique-en-ligne\/product\/micro-cravate-haute-qualite\/\">Micro cravate haute qualit\u00e9<\/a><\/li>\n<li><a href=\"https:\/\/www.eleate.com\/boutique-en-ligne\/product\/embout-silicone-noir-pour-pho\/\">Tiges silicone noires pour PHONAK<\/a><\/li>\n<li><a href=\"https:\/\/www.eleate.com\/boutique-en-ligne\/product\/embouts-silicones-3-tailles-s-m-l-pour-ken-410-et-ken-420\/\">Embouts silicone 3 tailles (S, M, L) pour micro casque g\u00e9n\u00e9rique<\/a><\/li>\n<li><a href=\"https:\/\/www.eleate.com\/boutique-en-ligne\/product\/bonnettes-pour-micro-casque-generique\/\">Bonnettes pour micro casque g\u00e9n\u00e9rique<\/a><\/li>\n<li><a href=\"https:\/\/www.eleate.com\/boutique-en-ligne\/product\/tige-metallique-pour-micro-casque-generique\/\">Tiges m\u00e9talliques pour micro casque g\u00e9n\u00e9rique<\/a><\/li>\n<li><a href=\"https:\/\/www.eleate.com\/boutique-en-ligne\/product\/clip-plastique-pour-ken-410-et-ken-420\/\">Clips plastiques pour micro casque g\u00e9n\u00e9rique<\/a><\/li>\n<li><a href=\"https:\/\/www.eleate.com\/boutique-en-ligne\/product\/kit-generique-complet-pour-pho-421-et-pho-521\/\">Kit g\u00e9n\u00e9rique complet pour micro casque PHONAK<\/a><\/li>\n<li><a href=\"https:\/\/www.eleate.com\/boutique-en-ligne\/product\/kit-hygiene-pour-vokkero\/\">Kit hygi\u00e8ne pour VOKKERO<\/a><\/li>\n<li><a href=\"https:\/\/www.eleate.com\/boutique-en-ligne\/product\/brassard-pour-squadra\/\">Brassard pour arbitre<\/a><\/li>\n<li><a href=\"https:\/\/www.eleate.com\/boutique-en-ligne\/product\/sacoche-pour-kit-de-2-a-4-utilisateurs\/\">Sacoche pour kit de 2 \u00e0 4 utilisateurs\u00a0<\/a><\/li>\n<li><a href=\"https:\/\/www.eleate.com\/boutique-en-ligne\/product\/sacoche-pour-kit-de-5-a-8-utilisateurs\/\">Sacoche pour kit de 5 \u00e0 8 utilisateurs\u00a0<\/a><\/li>\n<li><a href=\"https:\/\/www.eleate.com\/boutique-en-ligne\/product\/micro-casque-professionnel-phonak-avec-bouton-poussoir-et-coque-generique-2\/\">Micro casque professionnel g\u00e9n\u00e9rique avec bouton poussoir ELITE<\/a><\/li>\n<li><a href=\"https:\/\/www.eleate.com\/boutique-en-ligne\/product\/professionnel-ultra-light-lapel-mic-lavalier-with-generic-earshell\/\">Micro-cravate de haute qualit\u00e9 avec oreillette intra-articulaire ELITE<\/a><\/li>\n<li><a href=\"https:\/\/www.eleate.com\/boutique-en-ligne\/product\/micro-casque-professionnel-phonak-avec-coque-generique-3\/\">Micro casque professionnel sur-mesure ELITE\/UNITY<\/a><\/li>\n<li><a href=\"https:\/\/www.eleate.com\/boutique-en-ligne\/product\/mallette-de-transport-rigide-pour-kit-5-a-8-terminaux\/\">Mallette de transport rigide pour kit 5 \u00e0 8 terminaux<\/a><\/li>\n<li><a href=\"https:\/\/www.eleate.com\/boutique-en-ligne\/product\/mallette-transport-rigide-pour-kit-2-a-4-terminaux\/\">Mallette de transport rigide pour kit 2 \u00e0 4 terminaux<\/a><\/li>\n<li><a href=\"https:\/\/www.eleate.com\/boutique-en-ligne\/product\/kit-elite-6-utilisateurs\/\">Kit VOKKERO Elite 2-8 utilisateurs<\/a><\/li>\n<li><a href=\"https:\/\/www.eleate.com\/boutique-en-ligne\/product\/interface-wireless-4-fils\/\">Interface Wireless 4 fils ELITE<\/a><\/li>\n<li><a href=\"https:\/\/www.eleate.com\/boutique-en-ligne\/product\/terminal-radio-elite-europe\/\">Terminal radio ELITE - Europe<\/a><\/li>\n<li><a href=\"https:\/\/www.eleate.com\/boutique-en-ligne\/product\/configurateur\/\">Configurateur<\/a><\/li>\n<li><a href=\"https:\/\/www.eleate.com\/boutique-en-ligne\/product\/chargeur-batterie-4-slots\/\">Chargeur batterie 4 slots<\/a><\/li>\n<li><a href=\"https:\/\/www.eleate.com\/boutique-en-ligne\/product\/micro-casque-professionnel-phonak-avec-bouton-poussoir-et-coque-generique\/\">Micro casque professionnel avec bouton poussoir GUARDIAN STAFF<\/a><\/li>\n<li><a href=\"https:\/\/www.eleate.com\/boutique-en-ligne\/product\/micro-casque-professionnel-phonak-avec-coque-generique\/\">Micro casque professionnel PHONAK pour GUARDIAN STAFF<\/a><\/li>\n<li><a href=\"https:\/\/www.eleate.com\/boutique-en-ligne\/product\/micro-casque-professionnel-maestro\/\">Micro casque professionnel double-oreille GUARDIAN STAFF<\/a><\/li>\n<li><a href=\"https:\/\/www.eleate.com\/boutique-en-ligne\/product\/micro-casque-professionnel-maestro-mono-oreille\/\">Micro casque professionnel mono-oreille GUARDIAN STAFF<\/a><\/li>\n<li><a href=\"https:\/\/www.eleate.com\/boutique-en-ligne\/product\/mallette-rigide-pour-kit-de-2-a-4-terminaux-avec-micros-casques-maestro\/\">Mallette rigide pour kit de 2 \u00e0 4 terminaux avec micros casques MAESTRO<\/a><\/li>\n<li><a href=\"https:\/\/www.eleate.com\/boutique-en-ligne\/product\/mallette-rigide-pour-kit-de-5-a-8-terminaux\/\">Mallette rigide pour kit de 5 \u00e0 8 terminaux<\/a><\/li>\n<li><a href=\"https:\/\/www.eleate.com\/boutique-en-ligne\/product\/mallette-rigide-pour-kit-de-2-a-4-terminaux\/\">Mallette rigide pour kit de 2 \u00e0 4 terminaux<\/a><\/li>\n<li><a href=\"https:\/\/www.eleate.com\/boutique-en-ligne\/product\/kit-guardian-staff-4-utilisateurs\/\">Kit GUARDIAN STAFF 2-10 utilisateurs<\/a><\/li>\n<li><a href=\"https:\/\/www.eleate.com\/boutique-en-ligne\/product\/terminal-radio-guardian-staff-europe\/\">Terminal radio GUARDIAN STAFF - Europe<\/a><\/li>\n<li><a href=\"https:\/\/www.eleate.com\/boutique-en-ligne\/product\/extension-chargeur-batterie-3-slots\/\">Extension chargeur batterie 3 slots<\/a><\/li>\n<li><a href=\"https:\/\/www.eleate.com\/boutique-en-ligne\/product\/configurateur-avec-chargeur-batterie-4-slots\/\">Configurateur avec chargeur batterie 4 slots<\/a><\/li>\n<li><a href=\"https:\/\/www.eleate.com\/boutique-en-ligne\/product\/batterie-2000-mah-pout-guardian-staff\/\">Batterie 2000 mAh pour GUARDIAN STAFF<\/a><\/li>\n<li><a href=\"https:\/\/www.eleate.com\/boutique-en-ligne\/product\/clip-pout-terminal-radio\/\">Clip pour terminal radio GSTAFF<\/a><\/li>\n<li><a href=\"https:\/\/www.eleate.com\/boutique-en-ligne\/product\/etui-ceinture-avec-clip\/\">Etui ceinture avec clip GSTAFF<\/a><\/li>\n<li><a href=\"https:\/\/www.eleate.com\/boutique-en-ligne\/product\/alimentation-electrique-pour-chargeur-de-batterie\/\">Alimentation \u00e9lectrique pour chargeur de batterie<\/a><\/li>\n<li><a href=\"https:\/\/www.eleate.com\/boutique-en-ligne\/product\/ceinture-elastique-ajustable\/\">Ceinture \u00e9lastique ajustable<\/a><\/li>\n<\/ul>\n<h2 class=\"wsp-product_cats-title\">Cat\u00e9gories de produits<\/h2>\n<ul class=\"wsp-product_cats-list\">\n<li><a href=\"https:\/\/www.eleate.com\/boutique-en-ligne\/product-category\/arbitre-amateur-semi-professionnel-vokkero-unity\/accessoires-amateur-semi-professionnel-unity\/\">Accessoires<\/a><\/li>\n<li><a href=\"https:\/\/www.eleate.com\/boutique-en-ligne\/product-category\/arbitre-amateur-semi-professionnel-vokkero-unity\/kits-vokkero-unity-amateur-semi-professionnel\/\">Kits<\/a><\/li>\n<li><a href=\"https:\/\/www.eleate.com\/boutique-en-ligne\/product-category\/arbitre-amateur-semi-professionnel-vokkero-unity\/micro-casques-vokkero-unity-amateur-semi-professionnel\/\">Micro-casques<\/a><\/li>\n<li><a href=\"https:\/\/www.eleate.com\/boutique-en-ligne\/product-category\/arbitre-professionnel-vokkero-elite\/accessoires-vokkero-elite-arbitre-professionnel\/\">Accessoires<\/a><\/li>\n<li><a href=\"https:\/\/www.eleate.com\/boutique-en-ligne\/product-category\/arbitre-professionnel-vokkero-elite\/kits-vokkero-elite-arbitre-professionnel\/\">Kits<\/a><\/li>\n<li><a href=\"https:\/\/www.eleate.com\/boutique-en-ligne\/product-category\/arbitre-professionnel-vokkero-elite\/micro-casques-vokkero-elite-arbitre-professionnel\/\">Micro-casques<\/a><\/li>\n<li><a href=\"https:\/\/www.eleate.com\/boutique-en-ligne\/product-category\/staff-vokkero-guardian-staff\/accessoires-vokkero-guardian-staff-coach\/\">Accessoires<\/a><\/li>\n<li><a href=\"https:\/\/www.eleate.com\/boutique-en-ligne\/product-category\/staff-vokkero-guardian-staff\/kits-vokkero-guardian-staff-coach\/\">Kits<\/a><\/li>\n<li><a href=\"https:\/\/www.eleate.com\/boutique-en-ligne\/product-category\/staff-vokkero-guardian-staff\/micro-casques-vokkero-guardian-staff-coach\/\">Micro-casques<\/a><\/li>\n<li><a href=\"https:\/\/www.eleate.com\/boutique-en-ligne\/product-category\/materiel-audio-arbitre-staff\/\">Tous les produits<\/a><\/li>\n<li><a href=\"https:\/\/www.eleate.com\/boutique-en-ligne\/product-category\/arbitre-professionnel-vokkero-elite\/\">Arbitre professionnel (ELITE)<\/a><\/li>\n<li><a href=\"https:\/\/www.eleate.com\/boutique-en-ligne\/product-category\/arbitre-amateur-semi-professionnel-vokkero-unity\/\">Arbitre amateur\/semi-pro (UNITY)<\/a><\/li>\n<li><a href=\"https:\/\/www.eleate.com\/boutique-en-ligne\/product-category\/staff-vokkero-guardian-staff\/\">Staff\/Coach (GUARDIAN STAFF)<\/a><\/li>\n<li><a href=\"https:\/\/www.eleate.com\/boutique-en-ligne\/product-category\/kits-vokkero\/\">Kits<\/a><\/li>\n<li><a href=\"https:\/\/www.eleate.com\/boutique-en-ligne\/product-category\/micro-casques-vokkero\/\">Micro-Casques<\/a><\/li>\n<li><a href=\"https:\/\/www.eleate.com\/boutique-en-ligne\/product-category\/accessoires-vokkero\/\">Accessoires<\/a><\/li>\n<\/ul>\n<\/div>\n","protected":false},"excerpt":{"rendered":"","protected":false},"author":1,"featured_media":0,"parent":0,"menu_order":0,"comment_status":"closed","ping_status":"closed","template":"","meta":{"footnotes":""},"folder":[],"class_list":["post-268","page","type-page","status-publish","hentry"],"yoast_head":"<!-- This site is optimized with the Yoast SEO plugin v27.4 - https:\/\/yoast.com\/product\/yoast-seo-wordpress\/ -->\n<title>Plan du site - Eleate Boutique<\/title>\n<meta name=\"robots\" content=\"index, follow, max-snippet:-1, max-image-preview:large, max-video-preview:-1\" \/>\n<link rel=\"canonical\" href=\"https:\/\/www.eleate.com\/boutique-en-ligne\/plan-du-site\/\" \/>\n<meta property=\"og:locale\" content=\"fr_FR\" \/>\n<meta property=\"og:type\" content=\"article\" \/>\n<meta property=\"og:title\" content=\"Plan du site - Eleate Boutique\" \/>\n<meta property=\"og:url\" content=\"https:\/\/www.eleate.com\/boutique-en-ligne\/plan-du-site\/\" \/>\n<meta property=\"og:site_name\" content=\"Eleate Boutique\" \/>\n<meta property=\"article:modified_time\" content=\"2021-04-29T10:09:51+00:00\" \/>\n<meta name=\"twitter:card\" content=\"summary_large_image\" \/>\n<meta name=\"twitter:label1\" content=\"Dur\u00e9e de lecture estim\u00e9e\" \/>\n\t<meta name=\"twitter:data1\" content=\"1 minute\" \/>\n<script type=\"application\/ld+json\" class=\"yoast-schema-graph\">{\"@context\":\"https:\\\/\\\/schema.org\",\"@graph\":[{\"@type\":\"WebPage\",\"@id\":\"https:\\\/\\\/www.eleate.com\\\/boutique-en-ligne\\\/plan-du-site\\\/\",\"url\":\"https:\\\/\\\/www.eleate.com\\\/boutique-en-ligne\\\/plan-du-site\\\/\",\"name\":\"Plan du site - Eleate Boutique\",\"isPartOf\":{\"@id\":\"https:\\\/\\\/www.eleate.com\\\/boutique-en-ligne\\\/#website\"},\"datePublished\":\"2021-04-29T09:51:02+00:00\",\"dateModified\":\"2021-04-29T10:09:51+00:00\",\"breadcrumb\":{\"@id\":\"https:\\\/\\\/www.eleate.com\\\/boutique-en-ligne\\\/plan-du-site\\\/#breadcrumb\"},\"inLanguage\":\"fr-FR\",\"potentialAction\":[{\"@type\":\"ReadAction\",\"target\":[\"https:\\\/\\\/www.eleate.com\\\/boutique-en-ligne\\\/plan-du-site\\\/\"]}]},{\"@type\":\"BreadcrumbList\",\"@id\":\"https:\\\/\\\/www.eleate.com\\\/boutique-en-ligne\\\/plan-du-site\\\/#breadcrumb\",\"itemListElement\":[{\"@type\":\"ListItem\",\"position\":1,\"name\":\"Home\",\"item\":\"https:\\\/\\\/www.eleate.com\\\/boutique-en-ligne\\\/\"},{\"@type\":\"ListItem\",\"position\":2,\"name\":\"Plan du site\"}]},{\"@type\":\"WebSite\",\"@id\":\"https:\\\/\\\/www.eleate.com\\\/boutique-en-ligne\\\/#website\",\"url\":\"https:\\\/\\\/www.eleate.com\\\/boutique-en-ligne\\\/\",\"name\":\"Eleate Boutique\",\"description\":\"Prestations technique et t\u00e9l\u00e9phonique pour tous vos \u00e9v\u00e8nements, et ce sur l&#039;ensemble de la France m\u00e9tropolitaine.\",\"publisher\":{\"@id\":\"https:\\\/\\\/www.eleate.com\\\/boutique-en-ligne\\\/#organization\"},\"potentialAction\":[{\"@type\":\"SearchAction\",\"target\":{\"@type\":\"EntryPoint\",\"urlTemplate\":\"https:\\\/\\\/www.eleate.com\\\/boutique-en-ligne\\\/?s={search_term_string}\"},\"query-input\":{\"@type\":\"PropertyValueSpecification\",\"valueRequired\":true,\"valueName\":\"search_term_string\"}}],\"inLanguage\":\"fr-FR\"},{\"@type\":\"Organization\",\"@id\":\"https:\\\/\\\/www.eleate.com\\\/boutique-en-ligne\\\/#organization\",\"name\":\"Eleate Boutique\",\"url\":\"https:\\\/\\\/www.eleate.com\\\/boutique-en-ligne\\\/\",\"logo\":{\"@type\":\"ImageObject\",\"inLanguage\":\"fr-FR\",\"@id\":\"https:\\\/\\\/www.eleate.com\\\/boutique-en-ligne\\\/#\\\/schema\\\/logo\\\/image\\\/\",\"url\":\"https:\\\/\\\/www.eleate.com\\\/boutique-en-ligne\\\/wp-content\\\/uploads\\\/2020\\\/12\\\/cropped-eleate.png\",\"contentUrl\":\"https:\\\/\\\/www.eleate.com\\\/boutique-en-ligne\\\/wp-content\\\/uploads\\\/2020\\\/12\\\/cropped-eleate.png\",\"width\":186,\"height\":34,\"caption\":\"Eleate Boutique\"},\"image\":{\"@id\":\"https:\\\/\\\/www.eleate.com\\\/boutique-en-ligne\\\/#\\\/schema\\\/logo\\\/image\\\/\"}}]}<\/script>\n<!-- \/ Yoast SEO plugin. -->","yoast_head_json":{"title":"Plan du site - Eleate Boutique","robots":{"index":"index","follow":"follow","max-snippet":"max-snippet:-1","max-image-preview":"max-image-preview:large","max-video-preview":"max-video-preview:-1"},"canonical":"https:\/\/www.eleate.com\/boutique-en-ligne\/plan-du-site\/","og_locale":"fr_FR","og_type":"article","og_title":"Plan du site - Eleate Boutique","og_url":"https:\/\/www.eleate.com\/boutique-en-ligne\/plan-du-site\/","og_site_name":"Eleate Boutique","article_modified_time":"2021-04-29T10:09:51+00:00","twitter_card":"summary_large_image","twitter_misc":{"Dur\u00e9e de lecture estim\u00e9e":"1 minute"},"schema":{"@context":"https:\/\/schema.org","@graph":[{"@type":"WebPage","@id":"https:\/\/www.eleate.com\/boutique-en-ligne\/plan-du-site\/","url":"https:\/\/www.eleate.com\/boutique-en-ligne\/plan-du-site\/","name":"Plan du site - Eleate Boutique","isPartOf":{"@id":"https:\/\/www.eleate.com\/boutique-en-ligne\/#website"},"datePublished":"2021-04-29T09:51:02+00:00","dateModified":"2021-04-29T10:09:51+00:00","breadcrumb":{"@id":"https:\/\/www.eleate.com\/boutique-en-ligne\/plan-du-site\/#breadcrumb"},"inLanguage":"fr-FR","potentialAction":[{"@type":"ReadAction","target":["https:\/\/www.eleate.com\/boutique-en-ligne\/plan-du-site\/"]}]},{"@type":"BreadcrumbList","@id":"https:\/\/www.eleate.com\/boutique-en-ligne\/plan-du-site\/#breadcrumb","itemListElement":[{"@type":"ListItem","position":1,"name":"Home","item":"https:\/\/www.eleate.com\/boutique-en-ligne\/"},{"@type":"ListItem","position":2,"name":"Plan du site"}]},{"@type":"WebSite","@id":"https:\/\/www.eleate.com\/boutique-en-ligne\/#website","url":"https:\/\/www.eleate.com\/boutique-en-ligne\/","name":"Eleate Boutique","description":"Prestations technique et t\u00e9l\u00e9phonique pour tous vos \u00e9v\u00e8nements, et ce sur l&#039;ensemble de la France m\u00e9tropolitaine.","publisher":{"@id":"https:\/\/www.eleate.com\/boutique-en-ligne\/#organization"},"potentialAction":[{"@type":"SearchAction","target":{"@type":"EntryPoint","urlTemplate":"https:\/\/www.eleate.com\/boutique-en-ligne\/?s={search_term_string}"},"query-input":{"@type":"PropertyValueSpecification","valueRequired":true,"valueName":"search_term_string"}}],"inLanguage":"fr-FR"},{"@type":"Organization","@id":"https:\/\/www.eleate.com\/boutique-en-ligne\/#organization","name":"Eleate Boutique","url":"https:\/\/www.eleate.com\/boutique-en-ligne\/","logo":{"@type":"ImageObject","inLanguage":"fr-FR","@id":"https:\/\/www.eleate.com\/boutique-en-ligne\/#\/schema\/logo\/image\/","url":"https:\/\/www.eleate.com\/boutique-en-ligne\/wp-content\/uploads\/2020\/12\/cropped-eleate.png","contentUrl":"https:\/\/www.eleate.com\/boutique-en-ligne\/wp-content\/uploads\/2020\/12\/cropped-eleate.png","width":186,"height":34,"caption":"Eleate Boutique"},"image":{"@id":"https:\/\/www.eleate.com\/boutique-en-ligne\/#\/schema\/logo\/image\/"}}]}},"jetpack_sharing_enabled":true,"_links":{"self":[{"href":"https:\/\/www.eleate.com\/boutique-en-ligne\/wp-json\/wp\/v2\/pages\/268","targetHints":{"allow":["GET"]}}],"collection":[{"href":"https:\/\/www.eleate.com\/boutique-en-ligne\/wp-json\/wp\/v2\/pages"}],"about":[{"href":"https:\/\/www.eleate.com\/boutique-en-ligne\/wp-json\/wp\/v2\/types\/page"}],"author":[{"embeddable":true,"href":"https:\/\/www.eleate.com\/boutique-en-ligne\/wp-json\/wp\/v2\/users\/1"}],"replies":[{"embeddable":true,"href":"https:\/\/www.eleate.com\/boutique-en-ligne\/wp-json\/wp\/v2\/comments?post=268"}],"version-history":[{"count":16,"href":"https:\/\/www.eleate.com\/boutique-en-ligne\/wp-json\/wp\/v2\/pages\/268\/revisions"}],"predecessor-version":[{"id":287,"href":"https:\/\/www.eleate.com\/boutique-en-ligne\/wp-json\/wp\/v2\/pages\/268\/revisions\/287"}],"wp:attachment":[{"href":"https:\/\/www.eleate.com\/boutique-en-ligne\/wp-json\/wp\/v2\/media?parent=268"}],"wp:term":[{"taxonomy":"folder","embeddable":true,"href":"https:\/\/www.eleate.com\/boutique-en-ligne\/wp-json\/wp\/v2\/folder?post=268"}],"curies":[{"name":"wp","href":"https:\/\/api.w.org\/{rel}","templated":true}]}}